{"id":125,"date":"2015-07-31T03:30:27","date_gmt":"2015-07-31T03:30:27","guid":{"rendered":"https:\/\/www.alexandremiranda.com.br\/?page_id=125"},"modified":"2018-02-13T14:51:58","modified_gmt":"2018-02-13T16:51:58","slug":"mens-health","status":"publish","type":"page","link":"https:\/\/www.alexandremiranda.com.br\/en\/saude-do-homem\/","title":{"rendered":"Men's Health"},"content":{"rendered":"<p>[et_pb_section fb_built=&#8221;1&#8243; fullwidth=&#8221;on&#8221; admin_label=&#8221;section&#8221; _builder_version=&#8221;3.0.47&#8243;][et_pb_fullwidth_header title=&#8221;Sa\u00fade do Homem&#8221; text_orientation=&#8221;center&#8221; title_font_color=&#8221;#ffffff&#8221; content_font_color=&#8221;#ffffff&#8221; admin_label=&#8221;Cabe\u00e7alho de Largura Completa&#8221; _builder_version=&#8221;3.0.47&#8243; title_text_color=&#8221;#ffffff&#8221; content_text_color=&#8221;#ffffff&#8221; background_color=&#8221;#98927a&#8221;] [\/et_pb_fullwidth_header][\/et_pb_section][et_pb_section fb_built=&#8221;1&#8243; admin_label=&#8221;section&#8221; _builder_version=&#8221;3.0.47&#8243;][et_pb_row admin_label=&#8221;row&#8221; _builder_version=&#8221;3.0.47&#8243; background_size=&#8221;initial&#8221; background_position=&#8221;top_left&#8221; background_repeat=&#8221;repeat&#8221;][et_pb_column type=&#8221;1_3&#8243; _builder_version=&#8221;3.0.47&#8243; parallax=&#8221;off&#8221; parallax_method=&#8221;on&#8221;][et_pb_video src=&#8221;https:\/\/youtu.be\/Ta2b1bZ8UH4&#8243; image_src=&#8221;https:\/\/www.alexandremiranda.com.br\/wp-content\/uploads\/2015\/07\/saudehomem.jpg&#8221; admin_label=&#8221;V\u00eddeo&#8221; _builder_version=&#8221;3.0.101&#8243;] [\/et_pb_video][et_pb_text admin_label=&#8221;Texto&#8221; _builder_version=&#8221;3.0.47&#8243; text_text_color=&#8221;#1e73be&#8221; background_size=&#8221;initial&#8221; background_position=&#8221;top_left&#8221; background_repeat=&#8221;repeat&#8221; use_border_color=&#8221;off&#8221; border_color=&#8221;#ffffff&#8221; border_style=&#8221;solid&#8221;]SA\u00daDE SEXUAL\u00a0DO HOMEM<br \/>\nPrograma Bate Papo na Sa\u00fade, Canal Sa\u00fade &#8211; Fiocruz<br \/>\nExibido em 30\/03\/2015<br \/>\n[\/et_pb_text][\/et_pb_column][et_pb_column type=&#8221;2_3&#8243; _builder_version=&#8221;3.0.47&#8243; parallax=&#8221;off&#8221; parallax_method=&#8221;on&#8221;][et_pb_text admin_label=&#8221;Texto&#8221; _builder_version=&#8221;3.0.47&#8243; background_size=&#8221;initial&#8221; background_position=&#8221;top_left&#8221; background_repeat=&#8221;repeat&#8221; use_border_color=&#8221;off&#8221; border_color=&#8221;#ffffff&#8221; border_style=&#8221;solid&#8221;]Os Homens vivem 7,59 anos menos que as mulheres. Dados do Instituto Brasileiro de Geografia e Estat\u00edstica (IBGE) revelam que, embora a expectativa de vida dos homens tenha aumentado de 63,15 para 69,42 anos de 1991 para 2009, ela ainda se mant\u00e9m muito abaixo da m\u00e9dia das mulheres.<br \/>\nA principal causa de morte em homens foi a doen\u00e7a isqu\u00eamicas do cora\u00e7\u00e3o, entre elas, o infarto agudo do mioc\u00e1rdio. Ao todo, 49.128 homens faleceram por esse motivo. \u2028\u2028As doen\u00e7as cerebrovasculares foram a segunda causa de morte para os homens, com 45.180 \u00f3bitos. As duas causas podem ser agrupadas como doen\u00e7as cardiovasculares, totalizando 94.308 \u00f3bitos em homens. Essas doen\u00e7as s\u00e3o causadas principalmente por les\u00f5es endoteliais (vasos sangu\u00edneos).<br \/>\nEssas les\u00f5es s\u00e3o primeiramente vis\u00edveis nos vasos menos calibrosos, como \u00e9 o caso da art\u00e9ria peniana (1-2 mm). A oclus\u00e3o desses vasos provoca a disfun\u00e7\u00e3o sexual er\u00e9til (DSE) ou falta de ere\u00e7\u00e3o.<br \/>\nPonholzer et al demosntraram que a doen\u00e7a arterial coronariana \u00e9 65% maior em homens com DSE moderada \u00e0 grave do que em homens normais.<br \/>\nInman et al observaram que pacientes com DSE tem um risco 80% maior para o infarto agudo do mioc\u00e1rdio, quando comparados a outros indiv\u00edduos normais. Homens entre 40 e 49 anos de idade que apresentem DSE moderada \u00e0 grave possuem um risco 50 vezes maior de desenvolverem doen\u00e7as cardiovasculares.<br \/>\nAl\u00e9m da DSE, temos outro fator importante para doen\u00e7as cardiovasculares em homens: A redu\u00e7\u00e3o da testosterona com a idade, o chamado hipogonadismo de in\u00edcio tardio (Late Onset Hypogonadism \u2013 LOH) que afeta 6% da popula\u00e7\u00e3o masculina aos 40 anos e 12,3% aos 69 anos.<br \/>\nDados recentes na literatura mostram que o aumento do risco de doen\u00e7as coronarianas relacionadas \u00e0 idade, aparecem juntamente com a redu\u00e7\u00e3o da testosterona.<br \/>\nPacientes que fazem bloqueio hormonal, isto \u00e9, que retiram a testosterona da circula\u00e7\u00e3o (castra\u00e7\u00e3o) por c\u00e2ncer de pr\u00f3stata, apresentam risco coronariano elevado, devido \u00e0 redu\u00e7\u00e3o acentuada da testosterona s\u00e9rica. A reposi\u00e7\u00e3o hormonal masculina \u00e9 um fator importante na busca por uma redu\u00e7\u00e3o da incid\u00eancia das doen\u00e7as cardiovasculares. Ela gera uma diminui\u00e7\u00e3o do colesterol, maior toler\u00e2ncia ao exerc\u00edcio, maior sensibilidade \u00e0 a\u00e7\u00e3o da insulina (ajuda no controle do diabetes), redu\u00e7\u00e3o da espessura da parede das art\u00e9rias e diminui\u00e7\u00e3o dos fatores inflamat\u00f3rios do endot\u00e9lio (vaso).<br \/>\nConsiderando o exposto, cada homem deve reconhecer que n\u00e3o \u00e9 imortal nem imune \u00e0 doen\u00e7as. Reconhecer suas limita\u00e7\u00f5es e procurar um atendimento m\u00e9dico adequado \u00e9 essencial para se viver com sa\u00fade.<br \/>\n[\/et_pb_text][\/et_pb_column][\/et_pb_row][\/et_pb_section]<\/p>\n","protected":false},"excerpt":{"rendered":"<p>SA\u00daDE SEXUAL\u00a0DO HOMEM Programa Bate Papo na Sa\u00fade, Canal Sa\u00fade &#8211; Fiocruz Exibido em 30\/03\/2015 Os Homens vivem 7,59 anos menos que as mulheres. Dados do Instituto Brasileiro de Geografia e Estat\u00edstica (IBGE) revelam que, embora a expectativa de vida dos homens tenha aumentado de 63,15 para 69,42 anos de 1991 para 2009, ela ainda [&hellip;]<\/p>\n","protected":false},"author":1,"featured_media":0,"parent":0,"menu_order":0,"comment_status":"open","ping_status":"open","template":"","meta":{"_et_pb_use_builder":"on","_et_pb_old_content":"","_et_gb_content_width":"","_monsterinsights_skip_tracking":false,"_monsterinsights_sitenote_active":false,"_monsterinsights_sitenote_note":"","_monsterinsights_sitenote_category":0,"footnotes":""},"class_list":["post-125","page","type-page","status-publish","hentry"],"yoast_head":"<!-- This site is optimized with the Yoast SEO Premium plugin v26.8 (Yoast SEO v26.8) - https:\/\/yoast.com\/product\/yoast-seo-premium-wordpress\/ -->\n<title>Sa\u00fade do Homem - Dr. Alexandre Miranda \/ Andrologia &amp; Urologia<\/title>\n<meta name=\"description\" content=\"Sa\u00fade do homem. Entenda as altera\u00e7\u00f5es que ocorrem no envelhecimento masculino. Sexualidade, redu\u00e7\u00e3o da for\u00e7a muscular, piora da mem\u00f3ria. Tratamentos.\" \/>\n<meta name=\"robots\" content=\"index, follow, max-snippet:-1, max-image-preview:large, max-video-preview:-1\" \/>\n<link rel=\"canonical\" href=\"https:\/\/www.alexandremiranda.com.br\/en\/mens-health\/\" \/>\n<meta property=\"og:locale\" content=\"en_US\" \/>\n<meta property=\"og:type\" content=\"article\" \/>\n<meta property=\"og:title\" content=\"Dr. Alexandre Miranda | Urologia, Andrologia e Sa\u00fade Sexual Masculina\" \/>\n<meta property=\"og:description\" content=\"Especialista em disfun\u00e7\u00f5es sexuais masculinas, o Dr. Alexandre Miranda \u00e9 refer\u00eancia em andrologia e oferece atendimento \u00e9tico, discreto e com embasamento cient\u00edfico. Informa\u00e7\u00f5es confi\u00e1veis sobre sa\u00fade sexual, doen\u00e7a de Peyronie, implante peniano, preenchimento peniano e mais.\" \/>\n<meta property=\"og:url\" content=\"https:\/\/www.alexandremiranda.com.br\/en\/mens-health\/\" \/>\n<meta property=\"og:site_name\" content=\"Dr. Alexandre Miranda \/ Andrologia &amp; Urologia\" \/>\n<meta property=\"article:modified_time\" content=\"2018-02-13T16:51:58+00:00\" \/>\n<meta property=\"og:image\" content=\"https:\/\/www.alexandremiranda.com.br\/wp-content\/uploads\/2018\/11\/Alex_Janela.jpg\" \/>\n\t<meta property=\"og:image:width\" content=\"1181\" \/>\n\t<meta property=\"og:image:height\" content=\"782\" \/>\n\t<meta property=\"og:image:type\" content=\"image\/jpeg\" \/>\n<meta name=\"twitter:card\" content=\"summary_large_image\" \/>\n<meta name=\"twitter:label1\" content=\"Est. reading time\" \/>\n\t<meta name=\"twitter:data1\" content=\"3 minutes\" \/>\n<script type=\"application\/ld+json\" class=\"yoast-schema-graph\">{\"@context\":\"https:\/\/schema.org\",\"@graph\":[{\"@type\":\"WebPage\",\"@id\":\"https:\/\/www.alexandremiranda.com.br\/saude-do-homem\/\",\"url\":\"https:\/\/www.alexandremiranda.com.br\/saude-do-homem\/\",\"name\":\"Sa\u00fade do Homem - Dr. Alexandre Miranda \/ Andrologia &amp; Urologia\",\"isPartOf\":{\"@id\":\"https:\/\/www.alexandremiranda.com.br\/#website\"},\"datePublished\":\"2015-07-31T03:30:27+00:00\",\"dateModified\":\"2018-02-13T16:51:58+00:00\",\"description\":\"Sa\u00fade do homem. Entenda as altera\u00e7\u00f5es que ocorrem no envelhecimento masculino. Sexualidade, redu\u00e7\u00e3o da for\u00e7a muscular, piora da mem\u00f3ria. Tratamentos.\",\"breadcrumb\":{\"@id\":\"https:\/\/www.alexandremiranda.com.br\/saude-do-homem\/#breadcrumb\"},\"inLanguage\":\"en-US\",\"potentialAction\":[{\"@type\":\"ReadAction\",\"target\":[\"https:\/\/www.alexandremiranda.com.br\/saude-do-homem\/\"]}]},{\"@type\":\"BreadcrumbList\",\"@id\":\"https:\/\/www.alexandremiranda.com.br\/saude-do-homem\/#breadcrumb\",\"itemListElement\":[{\"@type\":\"ListItem\",\"position\":1,\"name\":\"In\u00edcio\",\"item\":\"https:\/\/www.alexandremiranda.com.br\/\"},{\"@type\":\"ListItem\",\"position\":2,\"name\":\"Sa\u00fade do Homem\"}]},{\"@type\":\"WebSite\",\"@id\":\"https:\/\/www.alexandremiranda.com.br\/#website\",\"url\":\"https:\/\/www.alexandremiranda.com.br\/\",\"name\":\"Dr. Alexandre Miranda \/ Andrologia & Urologia\",\"description\":\"Peyronie, pr\u00f3tese peniana, reconstru\u00e7\u00e3o genital, sa\u00fade do homem\",\"publisher\":{\"@id\":\"https:\/\/www.alexandremiranda.com.br\/#\/schema\/person\/a717bb096b1f5aff66256d250d24d25e\"},\"potentialAction\":[{\"@type\":\"SearchAction\",\"target\":{\"@type\":\"EntryPoint\",\"urlTemplate\":\"https:\/\/www.alexandremiranda.com.br\/?s={search_term_string}\"},\"query-input\":{\"@type\":\"PropertyValueSpecification\",\"valueRequired\":true,\"valueName\":\"search_term_string\"}}],\"inLanguage\":\"en-US\"},{\"@type\":[\"Person\",\"Organization\"],\"@id\":\"https:\/\/www.alexandremiranda.com.br\/#\/schema\/person\/a717bb096b1f5aff66256d250d24d25e\",\"name\":\"Dr. Alexandre Miranda - RJ\",\"image\":{\"@type\":\"ImageObject\",\"inLanguage\":\"en-US\",\"@id\":\"https:\/\/www.alexandremiranda.com.br\/#\/schema\/person\/image\/\",\"url\":\"https:\/\/www.alexandremiranda.com.br\/wp-content\/uploads\/2015\/07\/cropped-icon-1.png\",\"contentUrl\":\"https:\/\/www.alexandremiranda.com.br\/wp-content\/uploads\/2015\/07\/cropped-icon-1.png\",\"width\":512,\"height\":512,\"caption\":\"Dr. Alexandre Miranda - RJ\"},\"logo\":{\"@id\":\"https:\/\/www.alexandremiranda.com.br\/#\/schema\/person\/image\/\"}}]}<\/script>\n<!-- \/ Yoast SEO Premium plugin. -->","yoast_head_json":{"title":"Men's Health - Dr. Alexandre Miranda \/ Andrology &amp; Urology","description":"Men's health. Understand the changes that occur during male ageing. Sexuality, reduced muscle strength, worsening memory. Treatments.","robots":{"index":"index","follow":"follow","max-snippet":"max-snippet:-1","max-image-preview":"max-image-preview:large","max-video-preview":"max-video-preview:-1"},"canonical":"https:\/\/www.alexandremiranda.com.br\/en\/mens-health\/","og_locale":"en_US","og_type":"article","og_title":"Dr. Alexandre Miranda | Urologia, Andrologia e Sa\u00fade Sexual Masculina","og_description":"Especialista em disfun\u00e7\u00f5es sexuais masculinas, o Dr. Alexandre Miranda \u00e9 refer\u00eancia em andrologia e oferece atendimento \u00e9tico, discreto e com embasamento cient\u00edfico. Informa\u00e7\u00f5es confi\u00e1veis sobre sa\u00fade sexual, doen\u00e7a de Peyronie, implante peniano, preenchimento peniano e mais.","og_url":"https:\/\/www.alexandremiranda.com.br\/en\/mens-health\/","og_site_name":"Dr. Alexandre Miranda \/ Andrologia &amp; Urologia","article_modified_time":"2018-02-13T16:51:58+00:00","og_image":[{"width":1181,"height":782,"url":"https:\/\/www.alexandremiranda.com.br\/wp-content\/uploads\/2018\/11\/Alex_Janela.jpg","type":"image\/jpeg"}],"twitter_card":"summary_large_image","twitter_misc":{"Est. reading time":"3 minutes"},"schema":{"@context":"https:\/\/schema.org","@graph":[{"@type":"WebPage","@id":"https:\/\/www.alexandremiranda.com.br\/saude-do-homem\/","url":"https:\/\/www.alexandremiranda.com.br\/saude-do-homem\/","name":"Men's Health - Dr. Alexandre Miranda \/ Andrology &amp; Urology","isPartOf":{"@id":"https:\/\/www.alexandremiranda.com.br\/#website"},"datePublished":"2015-07-31T03:30:27+00:00","dateModified":"2018-02-13T16:51:58+00:00","description":"Men's health. Understand the changes that occur during male ageing. Sexuality, reduced muscle strength, worsening memory. Treatments.","breadcrumb":{"@id":"https:\/\/www.alexandremiranda.com.br\/saude-do-homem\/#breadcrumb"},"inLanguage":"en-US","potentialAction":[{"@type":"ReadAction","target":["https:\/\/www.alexandremiranda.com.br\/saude-do-homem\/"]}]},{"@type":"BreadcrumbList","@id":"https:\/\/www.alexandremiranda.com.br\/saude-do-homem\/#breadcrumb","itemListElement":[{"@type":"ListItem","position":1,"name":"In\u00edcio","item":"https:\/\/www.alexandremiranda.com.br\/"},{"@type":"ListItem","position":2,"name":"Sa\u00fade do Homem"}]},{"@type":"WebSite","@id":"https:\/\/www.alexandremiranda.com.br\/#website","url":"https:\/\/www.alexandremiranda.com.br\/","name":"Dr. Alexandre Miranda \/ Andrology &amp; Urology","description":"Peyronie's, penile prosthesis, genital reconstruction, men's health","publisher":{"@id":"https:\/\/www.alexandremiranda.com.br\/#\/schema\/person\/a717bb096b1f5aff66256d250d24d25e"},"potentialAction":[{"@type":"SearchAction","target":{"@type":"EntryPoint","urlTemplate":"https:\/\/www.alexandremiranda.com.br\/?s={search_term_string}"},"query-input":{"@type":"PropertyValueSpecification","valueRequired":true,"valueName":"search_term_string"}}],"inLanguage":"en-US"},{"@type":["Person","Organization"],"@id":"https:\/\/www.alexandremiranda.com.br\/#\/schema\/person\/a717bb096b1f5aff66256d250d24d25e","name":"Dr. Alexandre Miranda - RJ","image":{"@type":"ImageObject","inLanguage":"en-US","@id":"https:\/\/www.alexandremiranda.com.br\/#\/schema\/person\/image\/","url":"https:\/\/www.alexandremiranda.com.br\/wp-content\/uploads\/2015\/07\/cropped-icon-1.png","contentUrl":"https:\/\/www.alexandremiranda.com.br\/wp-content\/uploads\/2015\/07\/cropped-icon-1.png","width":512,"height":512,"caption":"Dr. Alexandre Miranda - RJ"},"logo":{"@id":"https:\/\/www.alexandremiranda.com.br\/#\/schema\/person\/image\/"}}]}},"_links":{"self":[{"href":"https:\/\/www.alexandremiranda.com.br\/en\/wp-json\/wp\/v2\/pages\/125","targetHints":{"allow":["GET"]}}],"collection":[{"href":"https:\/\/www.alexandremiranda.com.br\/en\/wp-json\/wp\/v2\/pages"}],"about":[{"href":"https:\/\/www.alexandremiranda.com.br\/en\/wp-json\/wp\/v2\/types\/page"}],"author":[{"embeddable":true,"href":"https:\/\/www.alexandremiranda.com.br\/en\/wp-json\/wp\/v2\/users\/1"}],"replies":[{"embeddable":true,"href":"https:\/\/www.alexandremiranda.com.br\/en\/wp-json\/wp\/v2\/comments?post=125"}],"version-history":[{"count":0,"href":"https:\/\/www.alexandremiranda.com.br\/en\/wp-json\/wp\/v2\/pages\/125\/revisions"}],"wp:attachment":[{"href":"https:\/\/www.alexandremiranda.com.br\/en\/wp-json\/wp\/v2\/media?parent=125"}],"curies":[{"name":"wp","href":"https:\/\/api.w.org\/{rel}","templated":true}]}}