{"id":358740,"date":"2017-07-12T15:09:52","date_gmt":"2017-07-12T18:09:52","guid":{"rendered":"https:\/\/www.alexandremiranda.com.br\/?page_id=358740"},"modified":"2026-03-22T22:27:08","modified_gmt":"2026-03-23T01:27:08","slug":"appointment-confirmation","status":"publish","type":"page","link":"https:\/\/www.alexandremiranda.com.br\/en\/confirmacao-do-agendamento\/","title":{"rendered":"Booking confirmation"},"content":{"rendered":"<p>[et_pb_section fb_built=&#8221;1&#8243; fullwidth=&#8221;on&#8221; _builder_version=&#8221;4.16&#8243; global_colors_info=&#8221;{}&#8221;][et_pb_fullwidth_header title=&#8221;Agendamento Realizado Com Sucesso!&#8221; text_orientation=&#8221;center&#8221; content_max_width=&#8221;none&#8221; title_font_color=&#8221;#ffffff&#8221; content_font_color=&#8221;#ffffff&#8221; _builder_version=&#8221;4.16&#8243; title_text_color=&#8221;#ffffff&#8221; content_text_color=&#8221;#ffffff&#8221; background_color=&#8221;#98927a&#8221; background_layout=&#8221;light&#8221; hover_enabled=&#8221;0&#8243; button_one_letter_spacing_hover=&#8221;0&#8243; button_two_letter_spacing_hover=&#8221;0&#8243; global_colors_info=&#8221;{}&#8221; button_one_text_size__hover_enabled=&#8221;off&#8221; button_two_text_size__hover_enabled=&#8221;off&#8221; button_one_text_color__hover_enabled=&#8221;off&#8221; button_two_text_color__hover_enabled=&#8221;off&#8221; button_one_border_width__hover_enabled=&#8221;off&#8221; button_two_border_width__hover_enabled=&#8221;off&#8221; button_one_border_color__hover_enabled=&#8221;off&#8221; button_two_border_color__hover_enabled=&#8221;off&#8221; button_one_border_radius__hover_enabled=&#8221;off&#8221; button_two_border_radius__hover_enabled=&#8221;off&#8221; button_one_letter_spacing__hover_enabled=&#8221;on&#8221; button_one_letter_spacing__hover=&#8221;0&#8243; button_two_letter_spacing__hover_enabled=&#8221;on&#8221; button_two_letter_spacing__hover=&#8221;0&#8243; button_one_bg_color__hover_enabled=&#8221;off&#8221; button_two_bg_color__hover_enabled=&#8221;off&#8221; sticky_enabled=&#8221;0&#8243;][\/et_pb_fullwidth_header][\/et_pb_section][et_pb_section fb_built=&#8221;1&#8243; _builder_version=&#8221;4.16&#8243; global_colors_info=&#8221;{}&#8221;][et_pb_row _builder_version=&#8221;4.16&#8243; background_size=&#8221;initial&#8221; background_position=&#8221;top_left&#8221; background_repeat=&#8221;repeat&#8221; global_colors_info=&#8221;{}&#8221;][et_pb_column type=&#8221;4_4&#8243; _builder_version=&#8221;4.16&#8243; custom_padding=&#8221;|||&#8221; global_colors_info=&#8221;{}&#8221; custom_padding__hover=&#8221;|||&#8221;][et_pb_text _builder_version=&#8221;4.16&#8243; text_font_size=&#8221;22&#8243; text_orientation=&#8221;center&#8221; module_alignment=&#8221;center&#8221; hover_enabled=&#8221;0&#8243; border_style=&#8221;solid&#8221; global_colors_info=&#8221;{}&#8221; sticky_enabled=&#8221;0&#8243;]<\/p>\n<h2 style=\"text-align: center;\">Obrigado pela escolha!<\/h2>\n<p style=\"text-align: center;\">Voc\u00ea receber\u00e1 um e-mail autom\u00e1tico confirmando este seu agendamento.<\/p>\n<p>[\/et_pb_text][\/et_pb_column][\/et_pb_row][\/et_pb_section]<\/p>\n","protected":false},"excerpt":{"rendered":"<p>Thank you for choosing us! You will receive an automatic e-mail confirming your appointment.<\/p>","protected":false},"author":1,"featured_media":0,"parent":0,"menu_order":0,"comment_status":"closed","ping_status":"closed","template":"","meta":{"_et_pb_use_builder":"on","_et_pb_old_content":"","_et_gb_content_width":"","_monsterinsights_skip_tracking":false,"_monsterinsights_sitenote_active":false,"_monsterinsights_sitenote_note":"","_monsterinsights_sitenote_category":0,"footnotes":""},"class_list":["post-358740","page","type-page","status-publish","hentry"],"yoast_head":"<!-- This site is optimized with the Yoast SEO Premium plugin v26.8 (Yoast SEO v26.8) - https:\/\/yoast.com\/product\/yoast-seo-premium-wordpress\/ -->\n<title>Confirma\u00e7\u00e3o do Agendamento - Dr. Alexandre Miranda \/ Andrologia &amp; Urologia<\/title>\n<meta name=\"robots\" content=\"index, follow, max-snippet:-1, max-image-preview:large, max-video-preview:-1\" \/>\n<link rel=\"canonical\" href=\"https:\/\/www.alexandremiranda.com.br\/en\/appointment-confirmation\/\" \/>\n<meta property=\"og:locale\" content=\"en_US\" \/>\n<meta property=\"og:type\" content=\"article\" \/>\n<meta property=\"og:title\" content=\"Dr. Alexandre Miranda | Urologia, Andrologia e Sa\u00fade Sexual Masculina\" \/>\n<meta property=\"og:description\" content=\"Especialista em disfun\u00e7\u00f5es sexuais masculinas, o Dr. Alexandre Miranda \u00e9 refer\u00eancia em andrologia e oferece atendimento \u00e9tico, discreto e com embasamento cient\u00edfico. Informa\u00e7\u00f5es confi\u00e1veis sobre sa\u00fade sexual, doen\u00e7a de Peyronie, implante peniano, preenchimento peniano e mais.\" \/>\n<meta property=\"og:url\" content=\"https:\/\/www.alexandremiranda.com.br\/en\/appointment-confirmation\/\" \/>\n<meta property=\"og:site_name\" content=\"Dr. Alexandre Miranda \/ Andrologia &amp; Urologia\" \/>\n<meta property=\"article:modified_time\" content=\"2026-03-23T01:27:08+00:00\" \/>\n<meta property=\"og:image\" content=\"https:\/\/www.alexandremiranda.com.br\/wp-content\/uploads\/2018\/11\/Alex_Janela.jpg\" \/>\n\t<meta property=\"og:image:width\" content=\"1181\" \/>\n\t<meta property=\"og:image:height\" content=\"782\" \/>\n\t<meta property=\"og:image:type\" content=\"image\/jpeg\" \/>\n<meta name=\"twitter:card\" content=\"summary_large_image\" \/>\n<meta name=\"twitter:label1\" content=\"Est. reading time\" \/>\n\t<meta name=\"twitter:data1\" content=\"1 minute\" \/>\n<script type=\"application\/ld+json\" class=\"yoast-schema-graph\">{\"@context\":\"https:\/\/schema.org\",\"@graph\":[{\"@type\":\"WebPage\",\"@id\":\"https:\/\/www.alexandremiranda.com.br\/confirmacao-do-agendamento\/\",\"url\":\"https:\/\/www.alexandremiranda.com.br\/confirmacao-do-agendamento\/\",\"name\":\"Confirma\u00e7\u00e3o do Agendamento - Dr. Alexandre Miranda \/ Andrologia &amp; Urologia\",\"isPartOf\":{\"@id\":\"https:\/\/www.alexandremiranda.com.br\/#website\"},\"datePublished\":\"2017-07-12T18:09:52+00:00\",\"dateModified\":\"2026-03-23T01:27:08+00:00\",\"breadcrumb\":{\"@id\":\"https:\/\/www.alexandremiranda.com.br\/confirmacao-do-agendamento\/#breadcrumb\"},\"inLanguage\":\"en-US\",\"potentialAction\":[{\"@type\":\"ReadAction\",\"target\":[\"https:\/\/www.alexandremiranda.com.br\/confirmacao-do-agendamento\/\"]}]},{\"@type\":\"BreadcrumbList\",\"@id\":\"https:\/\/www.alexandremiranda.com.br\/confirmacao-do-agendamento\/#breadcrumb\",\"itemListElement\":[{\"@type\":\"ListItem\",\"position\":1,\"name\":\"In\u00edcio\",\"item\":\"https:\/\/www.alexandremiranda.com.br\/\"},{\"@type\":\"ListItem\",\"position\":2,\"name\":\"Confirma\u00e7\u00e3o do Agendamento\"}]},{\"@type\":\"WebSite\",\"@id\":\"https:\/\/www.alexandremiranda.com.br\/#website\",\"url\":\"https:\/\/www.alexandremiranda.com.br\/\",\"name\":\"Dr. Alexandre Miranda \/ Andrologia & Urologia\",\"description\":\"Peyronie, pr\u00f3tese peniana, reconstru\u00e7\u00e3o genital, sa\u00fade do homem\",\"publisher\":{\"@id\":\"https:\/\/www.alexandremiranda.com.br\/#\/schema\/person\/a717bb096b1f5aff66256d250d24d25e\"},\"potentialAction\":[{\"@type\":\"SearchAction\",\"target\":{\"@type\":\"EntryPoint\",\"urlTemplate\":\"https:\/\/www.alexandremiranda.com.br\/?s={search_term_string}\"},\"query-input\":{\"@type\":\"PropertyValueSpecification\",\"valueRequired\":true,\"valueName\":\"search_term_string\"}}],\"inLanguage\":\"en-US\"},{\"@type\":[\"Person\",\"Organization\"],\"@id\":\"https:\/\/www.alexandremiranda.com.br\/#\/schema\/person\/a717bb096b1f5aff66256d250d24d25e\",\"name\":\"Dr. Alexandre Miranda - RJ\",\"image\":{\"@type\":\"ImageObject\",\"inLanguage\":\"en-US\",\"@id\":\"https:\/\/www.alexandremiranda.com.br\/#\/schema\/person\/image\/\",\"url\":\"https:\/\/www.alexandremiranda.com.br\/wp-content\/uploads\/2015\/07\/cropped-icon-1.png\",\"contentUrl\":\"https:\/\/www.alexandremiranda.com.br\/wp-content\/uploads\/2015\/07\/cropped-icon-1.png\",\"width\":512,\"height\":512,\"caption\":\"Dr. Alexandre Miranda - RJ\"},\"logo\":{\"@id\":\"https:\/\/www.alexandremiranda.com.br\/#\/schema\/person\/image\/\"}}]}<\/script>\n<!-- \/ Yoast SEO Premium plugin. -->","yoast_head_json":{"title":"Appointment Confirmation - Dr. Alexandre Miranda \/ Andrology &amp; Urology","robots":{"index":"index","follow":"follow","max-snippet":"max-snippet:-1","max-image-preview":"max-image-preview:large","max-video-preview":"max-video-preview:-1"},"canonical":"https:\/\/www.alexandremiranda.com.br\/en\/appointment-confirmation\/","og_locale":"en_US","og_type":"article","og_title":"Dr. Alexandre Miranda | Urologia, Andrologia e Sa\u00fade Sexual Masculina","og_description":"Especialista em disfun\u00e7\u00f5es sexuais masculinas, o Dr. Alexandre Miranda \u00e9 refer\u00eancia em andrologia e oferece atendimento \u00e9tico, discreto e com embasamento cient\u00edfico. Informa\u00e7\u00f5es confi\u00e1veis sobre sa\u00fade sexual, doen\u00e7a de Peyronie, implante peniano, preenchimento peniano e mais.","og_url":"https:\/\/www.alexandremiranda.com.br\/en\/appointment-confirmation\/","og_site_name":"Dr. Alexandre Miranda \/ Andrologia &amp; Urologia","article_modified_time":"2026-03-23T01:27:08+00:00","og_image":[{"width":1181,"height":782,"url":"https:\/\/www.alexandremiranda.com.br\/wp-content\/uploads\/2018\/11\/Alex_Janela.jpg","type":"image\/jpeg"}],"twitter_card":"summary_large_image","twitter_misc":{"Est. reading time":"1 minute"},"schema":{"@context":"https:\/\/schema.org","@graph":[{"@type":"WebPage","@id":"https:\/\/www.alexandremiranda.com.br\/confirmacao-do-agendamento\/","url":"https:\/\/www.alexandremiranda.com.br\/confirmacao-do-agendamento\/","name":"Appointment Confirmation - Dr. Alexandre Miranda \/ Andrology &amp; Urology","isPartOf":{"@id":"https:\/\/www.alexandremiranda.com.br\/#website"},"datePublished":"2017-07-12T18:09:52+00:00","dateModified":"2026-03-23T01:27:08+00:00","breadcrumb":{"@id":"https:\/\/www.alexandremiranda.com.br\/confirmacao-do-agendamento\/#breadcrumb"},"inLanguage":"en-US","potentialAction":[{"@type":"ReadAction","target":["https:\/\/www.alexandremiranda.com.br\/confirmacao-do-agendamento\/"]}]},{"@type":"BreadcrumbList","@id":"https:\/\/www.alexandremiranda.com.br\/confirmacao-do-agendamento\/#breadcrumb","itemListElement":[{"@type":"ListItem","position":1,"name":"In\u00edcio","item":"https:\/\/www.alexandremiranda.com.br\/"},{"@type":"ListItem","position":2,"name":"Confirma\u00e7\u00e3o do Agendamento"}]},{"@type":"WebSite","@id":"https:\/\/www.alexandremiranda.com.br\/#website","url":"https:\/\/www.alexandremiranda.com.br\/","name":"Dr. Alexandre Miranda \/ Andrology &amp; Urology","description":"Peyronie's, penile prosthesis, genital reconstruction, men's health","publisher":{"@id":"https:\/\/www.alexandremiranda.com.br\/#\/schema\/person\/a717bb096b1f5aff66256d250d24d25e"},"potentialAction":[{"@type":"SearchAction","target":{"@type":"EntryPoint","urlTemplate":"https:\/\/www.alexandremiranda.com.br\/?s={search_term_string}"},"query-input":{"@type":"PropertyValueSpecification","valueRequired":true,"valueName":"search_term_string"}}],"inLanguage":"en-US"},{"@type":["Person","Organization"],"@id":"https:\/\/www.alexandremiranda.com.br\/#\/schema\/person\/a717bb096b1f5aff66256d250d24d25e","name":"Dr. Alexandre Miranda - RJ","image":{"@type":"ImageObject","inLanguage":"en-US","@id":"https:\/\/www.alexandremiranda.com.br\/#\/schema\/person\/image\/","url":"https:\/\/www.alexandremiranda.com.br\/wp-content\/uploads\/2015\/07\/cropped-icon-1.png","contentUrl":"https:\/\/www.alexandremiranda.com.br\/wp-content\/uploads\/2015\/07\/cropped-icon-1.png","width":512,"height":512,"caption":"Dr. Alexandre Miranda - RJ"},"logo":{"@id":"https:\/\/www.alexandremiranda.com.br\/#\/schema\/person\/image\/"}}]}},"_links":{"self":[{"href":"https:\/\/www.alexandremiranda.com.br\/en\/wp-json\/wp\/v2\/pages\/358740","targetHints":{"allow":["GET"]}}],"collection":[{"href":"https:\/\/www.alexandremiranda.com.br\/en\/wp-json\/wp\/v2\/pages"}],"about":[{"href":"https:\/\/www.alexandremiranda.com.br\/en\/wp-json\/wp\/v2\/types\/page"}],"author":[{"embeddable":true,"href":"https:\/\/www.alexandremiranda.com.br\/en\/wp-json\/wp\/v2\/users\/1"}],"replies":[{"embeddable":true,"href":"https:\/\/www.alexandremiranda.com.br\/en\/wp-json\/wp\/v2\/comments?post=358740"}],"version-history":[{"count":0,"href":"https:\/\/www.alexandremiranda.com.br\/en\/wp-json\/wp\/v2\/pages\/358740\/revisions"}],"wp:attachment":[{"href":"https:\/\/www.alexandremiranda.com.br\/en\/wp-json\/wp\/v2\/media?parent=358740"}],"curies":[{"name":"wp","href":"https:\/\/api.w.org\/{rel}","templated":true}]}}