{"id":359993,"date":"2020-07-26T20:17:35","date_gmt":"2020-07-26T23:17:35","guid":{"rendered":"https:\/\/www.alexandremiranda.com.br\/?page_id=359993"},"modified":"2021-03-17T15:44:01","modified_gmt":"2021-03-17T18:44:01","slug":"hpv","status":"publish","type":"page","link":"https:\/\/www.alexandremiranda.com.br\/en\/hpv\/","title":{"rendered":"Genital Warts - HPV"},"content":{"rendered":"<p>[et_pb_section fb_built=&#8221;1&#8243; _builder_version=&#8221;4.5.1&#8243; _module_preset=&#8221;default&#8221;][et_pb_row column_structure=&#8221;1_2,1_2&#8243; _builder_version=&#8221;4.5.1&#8243; _module_preset=&#8221;default&#8221;][et_pb_column type=&#8221;1_2&#8243; _builder_version=&#8221;4.5.1&#8243; _module_preset=&#8221;default&#8221;][et_pb_circle_counter title=&#8221;Preval\u00eancia do HPV na popula\u00e7\u00e3o jovem&#8221; number=&#8221;54,6&#8243; _builder_version=&#8221;4.5.1&#8243; _module_preset=&#8221;default&#8221;][\/et_pb_circle_counter][et_pb_image src=&#8221;https:\/\/www.alexandremiranda.com.br\/wp-content\/uploads\/2020\/07\/HPV_genital2.jpg&#8221; title_text=&#8221;Common locations of genital warts in men&#8221; _builder_version=&#8221;4.5.1&#8243; _module_preset=&#8221;default&#8221;][\/et_pb_image][\/et_pb_column][et_pb_column type=&#8221;1_2&#8243; _builder_version=&#8221;4.5.1&#8243; _module_preset=&#8221;default&#8221;][et_pb_text _builder_version=&#8221;4.5.1&#8243; _module_preset=&#8221;default&#8221;]<\/p>\n<p><span>A verruga genital \u00e9 causada pelo v\u00edrus HPV (humman papillomavirus). Existem mais de 120 subtipos do v\u00edrus HPV, sendo os subtipos 6 e 11 os que comumente causam o aparecimento das les\u00f5es genitais (verruga).<\/span><\/p>\n<p><span>\u00c9 estimado que todos os anos 1,2 pessoas a cada 1.000 v\u00e3o apresentar a verruga genital. No Brasil isto representa um n\u00famero elevado, estimando-se em 252.000 novos casos todos os anos.<\/span><\/p>\n<p><span>Um estudo feito no Brasil em 2017 mostrou que 54,6% dos jovens at\u00e9 25 anos estavam contaminados pelo v\u00edrus HPV, podendo chegar a aproximadamente 80% em idades mais avan\u00e7adas.<\/span><\/p>\n<p><span>A transmiss\u00e3o do v\u00edrus se d\u00e1 preferencialmente por via sexual, atrav\u00e9s do contato direto de \u00e1reas contaminadas (mucosa ou pele); por\u00e9m h\u00e1 a possibilidade da transmiss\u00e3o pelo contato da m\u00e3o ou objetos (raro).<\/span><\/p>\n<p><span>A grande preocupa\u00e7\u00e3o da contamina\u00e7\u00e3o pelo v\u00edrus HPV \u00e9 que ele aumenta o risco de c\u00e2ncer de colo uterino (na mulher), p\u00eanis (homem), reto ou cavidade oral.<\/span><\/p>\n<p><span>O tratamento das verrugas genitais \u00e9 feito atrav\u00e9s da abla\u00e7\u00e3o direta da les\u00e3o, por v\u00e1rias fontes geradoras de energia.<\/span><\/p>\n<p><span>Hoje contamos tamb\u00e9m com vacinas contra os principais subtipos virais do HPV.<\/span><\/p>\n<p><span>O Dr. Alexandre Miranda tem se dedicado ao estudo das doen\u00e7as genitais, com todos os equipamentos necess\u00e1rios para seu tratamento em seu consult\u00f3rio. <\/span><\/p>\n<p><span>\u00a0<\/span><\/p>\n<p><span>Agende agora mesmo o seu atendimento<\/span><\/p>\n<p>[\/et_pb_text][et_pb_button button_url=&#8221;\/agendamento&#8221; button_text=&#8221;Marcar a consulta agora&#8221; button_alignment=&#8221;center&#8221; _builder_version=&#8221;4.5.7&#8243; _module_preset=&#8221;default&#8221;][\/et_pb_button][\/et_pb_column][\/et_pb_row][et_pb_row _builder_version=&#8221;4.5.1&#8243; _module_preset=&#8221;default&#8221;][et_pb_column type=&#8221;4_4&#8243; _builder_version=&#8221;4.5.1&#8243; _module_preset=&#8221;default&#8221;][et_pb_divider _builder_version=&#8221;4.5.1&#8243; _module_preset=&#8221;default&#8221;][\/et_pb_divider][et_pb_text _builder_version=&#8221;4.5.1&#8243; _module_preset=&#8221;default&#8221; text_text_color=&#8221;#5592c1&#8243;]<\/p>\n<h2><span style=\"color: #0c71c3;\">Perguntas e respostas<\/span><\/h2>\n<p>[\/et_pb_text][et_pb_accordion _builder_version=&#8221;4.9.2&#8243; _module_preset=&#8221;default&#8221; hover_enabled=&#8221;0&#8243; sticky_enabled=&#8221;0&#8243;][et_pb_accordion_item title=&#8221;Como eu peguei a verruga genital?&#8221; open=&#8221;on&#8221; _builder_version=&#8221;4.5.1&#8243; _module_preset=&#8221;default&#8221;]<\/p>\n<div class=\"page\" title=\"Page 5\">\n<div class=\"layoutArea\">\n<div class=\"column\">\n<p><span>A verruga genital \u00e9 causada pelo v\u00edrus HPV. Geralmente voc\u00ea se contamina com ele atrav\u00e9s da rela\u00e7\u00e3o sexual e raramente de forma indireta.<\/span><\/p>\n<\/div>\n<\/div>\n<\/div>\n<p>[\/et_pb_accordion_item][et_pb_accordion_item title=&#8221;Qual \u00e9 o risco de transmitir o v\u00edrus HPV?&#8221; _builder_version=&#8221;4.5.1&#8243; _module_preset=&#8221;default&#8221; open=&#8221;off&#8221;]<\/p>\n<p>O risco \u00e9 elevado, basta uma m\u00e9dia de 1,6 rela\u00e7\u00f5es sexuais para voc\u00ea transmiti-lo. A infec\u00e7\u00e3o pelo v\u00edrus \u00e9 muito comum e a maioria da popula\u00e7\u00e3o vai carrega-lo pelo resto da vida.<\/p>\n<p>[\/et_pb_accordion_item][et_pb_accordion_item title=&#8221;Existe tratamento?&#8221; _builder_version=&#8221;4.5.7&#8243; _module_preset=&#8221;default&#8221; open=&#8221;off&#8221;]<\/p>\n<p>Existem v\u00e1rias modalidades de tratamento, que devem ser conversadas com o seu m\u00e9dico, mas n\u00e3o existe nenhuma forma de eliminar completamente o v\u00edrus.<\/p>\n<p>[\/et_pb_accordion_item][et_pb_accordion_item title=&#8221;Fumar aumenta meu risco para verruga genital?&#8221; _builder_version=&#8221;4.5.1&#8243; _module_preset=&#8221;default&#8221; open=&#8221;off&#8221;]<\/p>\n<p>O tabagismo aumenta a chance de desenvolver verruga genital, por isso \u00e9 que encorajamos que voc\u00ea pare de fumar.<\/p>\n<p>[\/et_pb_accordion_item][et_pb_accordion_item title=&#8221;Por quanto tempo eu vou ter a verruga genital?&#8221; _builder_version=&#8221;4.5.7&#8243; _module_preset=&#8221;default&#8221; open=&#8221;off&#8221;]<\/p>\n<p>At\u00e9 voc\u00ea procurar um tratamento m\u00e9dico. Podemos eliminar a verruga por completo, mas ela pode voltar a aparecer, pois o v\u00edrus continua presente no tecido.<\/p>\n<p>[\/et_pb_accordion_item][et_pb_accordion_item title=&#8221;Este \u00e9 o fim da minha vida sexual?&#8221; _builder_version=&#8221;4.5.7&#8243; _module_preset=&#8221;default&#8221; open=&#8221;off&#8221;]<\/p>\n<p>Claro que n\u00e3o, conseguimos eliminar completamente as les\u00f5es, al\u00e9m de realizar a vacina\u00e7\u00e3o contra o v\u00edrus.<\/p>\n<p>[\/et_pb_accordion_item][et_pb_accordion_item title=&#8221;Devo contar para a(o) parceira(o), de agora e do passado?&#8221; _builder_version=&#8221;4.5.7&#8243; _module_preset=&#8221;default&#8221; open=&#8221;off&#8221;]<\/p>\n<p>\u00c9 importante voc\u00ea contar para a(o) parceira(o) atual, para que ela (ele) possa buscar avalia\u00e7\u00e3o m\u00e9dica e se vacinar.<\/p>\n<p>[\/et_pb_accordion_item][et_pb_accordion_item title=&#8221;Devo sempre usar camisinha?&#8221; _builder_version=&#8221;4.5.7&#8243; _module_preset=&#8221;default&#8221; open=&#8221;off&#8221;]<\/p>\n<p>O uso do preservativo reduz a taxa de transmiss\u00e3o do HPV, sendo seu uso recomendado, al\u00e9m de evitar a contamina\u00e7\u00e3o por outras doen\u00e7as sexualmente transmiss\u00edveis.<\/p>\n<p>[\/et_pb_accordion_item][et_pb_accordion_item title=&#8221;Eu vou desenvolver c\u00e2ncer?&#8221; _builder_version=&#8221;4.5.7&#8243; _module_preset=&#8221;default&#8221; open=&#8221;off&#8221;]<\/p>\n<p>A verruga genital n\u00e3o se correlaciona com c\u00e2ncer, ela \u00e9 causada por subtipos do v\u00edrus HPV (em geral 6 e 11), que sabidamente n\u00e3o causam les\u00f5es malignas.<br \/> Outros tipos de virus HPV sim se correlacionam com alguns tipos de c\u00e2ncer.<\/p>\n<p>[\/et_pb_accordion_item][et_pb_accordion_item title=&#8221;A verruga genital pode se espalhar para outras partes do corpo?&#8221; _builder_version=&#8221;4.9.2&#8243; _module_preset=&#8221;default&#8221; hover_enabled=&#8221;0&#8243; open=&#8221;off&#8221; sticky_enabled=&#8221;0&#8243;]<\/p>\n<p>Esta possibilidade \u00e9 muito rara.<\/p>\n<p>[\/et_pb_accordion_item][\/et_pb_accordion][\/et_pb_column][\/et_pb_row][\/et_pb_section]<\/p>\n","protected":false},"excerpt":{"rendered":"<p>A verruga genital \u00e9 causada pelo v\u00edrus HPV (humman papillomavirus). Existem mais de 120 subtipos do v\u00edrus HPV, sendo os subtipos 6 e 11 os que comumente causam o aparecimento das les\u00f5es genitais (verruga). \u00c9 estimado que todos os anos 1,2 pessoas a cada 1.000 v\u00e3o apresentar a verruga genital. No Brasil isto representa um [&hellip;]<\/p>\n","protected":false},"author":1,"featured_media":0,"parent":0,"menu_order":0,"comment_status":"closed","ping_status":"closed","template":"","meta":{"_et_pb_use_builder":"on","_et_pb_old_content":"","_et_gb_content_width":"","_monsterinsights_skip_tracking":false,"_monsterinsights_sitenote_active":false,"_monsterinsights_sitenote_note":"","_monsterinsights_sitenote_category":0,"footnotes":""},"class_list":["post-359993","page","type-page","status-publish","hentry"],"yoast_head":"<!-- This site is optimized with the Yoast SEO Premium plugin v26.8 (Yoast SEO v26.8) - https:\/\/yoast.com\/product\/yoast-seo-premium-wordpress\/ -->\n<title>Verruga Genital - HPV - Dr. Alexandre Miranda \/ Andrologia &amp; Urologia<\/title>\n<meta name=\"robots\" content=\"index, follow, max-snippet:-1, max-image-preview:large, max-video-preview:-1\" \/>\n<link rel=\"canonical\" href=\"https:\/\/www.alexandremiranda.com.br\/en\/hpv\/\" \/>\n<meta property=\"og:locale\" content=\"en_US\" \/>\n<meta property=\"og:type\" content=\"article\" \/>\n<meta property=\"og:title\" content=\"Dr. Alexandre Miranda | Urologia, Andrologia e Sa\u00fade Sexual Masculina\" \/>\n<meta property=\"og:description\" content=\"Especialista em disfun\u00e7\u00f5es sexuais masculinas, o Dr. Alexandre Miranda \u00e9 refer\u00eancia em andrologia e oferece atendimento \u00e9tico, discreto e com embasamento cient\u00edfico. Informa\u00e7\u00f5es confi\u00e1veis sobre sa\u00fade sexual, doen\u00e7a de Peyronie, implante peniano, preenchimento peniano e mais.\" \/>\n<meta property=\"og:url\" content=\"https:\/\/www.alexandremiranda.com.br\/en\/hpv\/\" \/>\n<meta property=\"og:site_name\" content=\"Dr. Alexandre Miranda \/ Andrologia &amp; Urologia\" \/>\n<meta property=\"article:modified_time\" content=\"2021-03-17T18:44:01+00:00\" \/>\n<meta property=\"og:image\" content=\"https:\/\/www.alexandremiranda.com.br\/wp-content\/uploads\/2020\/07\/HPV_genital2.jpg\" \/>\n<meta name=\"twitter:card\" content=\"summary_large_image\" \/>\n<meta name=\"twitter:label1\" content=\"Est. reading time\" \/>\n\t<meta name=\"twitter:data1\" content=\"5 minutes\" \/>\n<script type=\"application\/ld+json\" class=\"yoast-schema-graph\">{\"@context\":\"https:\/\/schema.org\",\"@graph\":[{\"@type\":\"WebPage\",\"@id\":\"https:\/\/www.alexandremiranda.com.br\/hpv\/\",\"url\":\"https:\/\/www.alexandremiranda.com.br\/hpv\/\",\"name\":\"Verruga Genital - HPV - Dr. Alexandre Miranda \/ Andrologia &amp; Urologia\",\"isPartOf\":{\"@id\":\"https:\/\/www.alexandremiranda.com.br\/#website\"},\"datePublished\":\"2020-07-26T23:17:35+00:00\",\"dateModified\":\"2021-03-17T18:44:01+00:00\",\"breadcrumb\":{\"@id\":\"https:\/\/www.alexandremiranda.com.br\/hpv\/#breadcrumb\"},\"inLanguage\":\"en-US\",\"potentialAction\":[{\"@type\":\"ReadAction\",\"target\":[\"https:\/\/www.alexandremiranda.com.br\/hpv\/\"]}]},{\"@type\":\"BreadcrumbList\",\"@id\":\"https:\/\/www.alexandremiranda.com.br\/hpv\/#breadcrumb\",\"itemListElement\":[{\"@type\":\"ListItem\",\"position\":1,\"name\":\"In\u00edcio\",\"item\":\"https:\/\/www.alexandremiranda.com.br\/\"},{\"@type\":\"ListItem\",\"position\":2,\"name\":\"Verruga Genital &#8211; HPV\"}]},{\"@type\":\"WebSite\",\"@id\":\"https:\/\/www.alexandremiranda.com.br\/#website\",\"url\":\"https:\/\/www.alexandremiranda.com.br\/\",\"name\":\"Dr. Alexandre Miranda \/ Andrologia & Urologia\",\"description\":\"Peyronie, pr\u00f3tese peniana, reconstru\u00e7\u00e3o genital, sa\u00fade do homem\",\"publisher\":{\"@id\":\"https:\/\/www.alexandremiranda.com.br\/#\/schema\/person\/a717bb096b1f5aff66256d250d24d25e\"},\"potentialAction\":[{\"@type\":\"SearchAction\",\"target\":{\"@type\":\"EntryPoint\",\"urlTemplate\":\"https:\/\/www.alexandremiranda.com.br\/?s={search_term_string}\"},\"query-input\":{\"@type\":\"PropertyValueSpecification\",\"valueRequired\":true,\"valueName\":\"search_term_string\"}}],\"inLanguage\":\"en-US\"},{\"@type\":[\"Person\",\"Organization\"],\"@id\":\"https:\/\/www.alexandremiranda.com.br\/#\/schema\/person\/a717bb096b1f5aff66256d250d24d25e\",\"name\":\"Dr. Alexandre Miranda - RJ\",\"image\":{\"@type\":\"ImageObject\",\"inLanguage\":\"en-US\",\"@id\":\"https:\/\/www.alexandremiranda.com.br\/#\/schema\/person\/image\/\",\"url\":\"https:\/\/www.alexandremiranda.com.br\/wp-content\/uploads\/2015\/07\/cropped-icon-1.png\",\"contentUrl\":\"https:\/\/www.alexandremiranda.com.br\/wp-content\/uploads\/2015\/07\/cropped-icon-1.png\",\"width\":512,\"height\":512,\"caption\":\"Dr. Alexandre Miranda - RJ\"},\"logo\":{\"@id\":\"https:\/\/www.alexandremiranda.com.br\/#\/schema\/person\/image\/\"}}]}<\/script>\n<!-- \/ Yoast SEO Premium plugin. -->","yoast_head_json":{"title":"Genital Warts - HPV - Dr. Alexandre Miranda \/ Andrology &amp; Urology","robots":{"index":"index","follow":"follow","max-snippet":"max-snippet:-1","max-image-preview":"max-image-preview:large","max-video-preview":"max-video-preview:-1"},"canonical":"https:\/\/www.alexandremiranda.com.br\/en\/hpv\/","og_locale":"en_US","og_type":"article","og_title":"Dr. Alexandre Miranda | Urologia, Andrologia e Sa\u00fade Sexual Masculina","og_description":"Especialista em disfun\u00e7\u00f5es sexuais masculinas, o Dr. Alexandre Miranda \u00e9 refer\u00eancia em andrologia e oferece atendimento \u00e9tico, discreto e com embasamento cient\u00edfico. Informa\u00e7\u00f5es confi\u00e1veis sobre sa\u00fade sexual, doen\u00e7a de Peyronie, implante peniano, preenchimento peniano e mais.","og_url":"https:\/\/www.alexandremiranda.com.br\/en\/hpv\/","og_site_name":"Dr. Alexandre Miranda \/ Andrologia &amp; Urologia","article_modified_time":"2021-03-17T18:44:01+00:00","og_image":[{"url":"https:\/\/www.alexandremiranda.com.br\/wp-content\/uploads\/2020\/07\/HPV_genital2.jpg","type":"","width":"","height":""}],"twitter_card":"summary_large_image","twitter_misc":{"Est. reading time":"5 minutes"},"schema":{"@context":"https:\/\/schema.org","@graph":[{"@type":"WebPage","@id":"https:\/\/www.alexandremiranda.com.br\/hpv\/","url":"https:\/\/www.alexandremiranda.com.br\/hpv\/","name":"Genital Warts - HPV - Dr. Alexandre Miranda \/ Andrology &amp; Urology","isPartOf":{"@id":"https:\/\/www.alexandremiranda.com.br\/#website"},"datePublished":"2020-07-26T23:17:35+00:00","dateModified":"2021-03-17T18:44:01+00:00","breadcrumb":{"@id":"https:\/\/www.alexandremiranda.com.br\/hpv\/#breadcrumb"},"inLanguage":"en-US","potentialAction":[{"@type":"ReadAction","target":["https:\/\/www.alexandremiranda.com.br\/hpv\/"]}]},{"@type":"BreadcrumbList","@id":"https:\/\/www.alexandremiranda.com.br\/hpv\/#breadcrumb","itemListElement":[{"@type":"ListItem","position":1,"name":"In\u00edcio","item":"https:\/\/www.alexandremiranda.com.br\/"},{"@type":"ListItem","position":2,"name":"Verruga Genital &#8211; HPV"}]},{"@type":"WebSite","@id":"https:\/\/www.alexandremiranda.com.br\/#website","url":"https:\/\/www.alexandremiranda.com.br\/","name":"Dr. Alexandre Miranda \/ Andrology &amp; Urology","description":"Peyronie's, penile prosthesis, genital reconstruction, men's health","publisher":{"@id":"https:\/\/www.alexandremiranda.com.br\/#\/schema\/person\/a717bb096b1f5aff66256d250d24d25e"},"potentialAction":[{"@type":"SearchAction","target":{"@type":"EntryPoint","urlTemplate":"https:\/\/www.alexandremiranda.com.br\/?s={search_term_string}"},"query-input":{"@type":"PropertyValueSpecification","valueRequired":true,"valueName":"search_term_string"}}],"inLanguage":"en-US"},{"@type":["Person","Organization"],"@id":"https:\/\/www.alexandremiranda.com.br\/#\/schema\/person\/a717bb096b1f5aff66256d250d24d25e","name":"Dr. Alexandre Miranda - RJ","image":{"@type":"ImageObject","inLanguage":"en-US","@id":"https:\/\/www.alexandremiranda.com.br\/#\/schema\/person\/image\/","url":"https:\/\/www.alexandremiranda.com.br\/wp-content\/uploads\/2015\/07\/cropped-icon-1.png","contentUrl":"https:\/\/www.alexandremiranda.com.br\/wp-content\/uploads\/2015\/07\/cropped-icon-1.png","width":512,"height":512,"caption":"Dr. Alexandre Miranda - RJ"},"logo":{"@id":"https:\/\/www.alexandremiranda.com.br\/#\/schema\/person\/image\/"}}]}},"_links":{"self":[{"href":"https:\/\/www.alexandremiranda.com.br\/en\/wp-json\/wp\/v2\/pages\/359993","targetHints":{"allow":["GET"]}}],"collection":[{"href":"https:\/\/www.alexandremiranda.com.br\/en\/wp-json\/wp\/v2\/pages"}],"about":[{"href":"https:\/\/www.alexandremiranda.com.br\/en\/wp-json\/wp\/v2\/types\/page"}],"author":[{"embeddable":true,"href":"https:\/\/www.alexandremiranda.com.br\/en\/wp-json\/wp\/v2\/users\/1"}],"replies":[{"embeddable":true,"href":"https:\/\/www.alexandremiranda.com.br\/en\/wp-json\/wp\/v2\/comments?post=359993"}],"version-history":[{"count":0,"href":"https:\/\/www.alexandremiranda.com.br\/en\/wp-json\/wp\/v2\/pages\/359993\/revisions"}],"wp:attachment":[{"href":"https:\/\/www.alexandremiranda.com.br\/en\/wp-json\/wp\/v2\/media?parent=359993"}],"curies":[{"name":"wp","href":"https:\/\/api.w.org\/{rel}","templated":true}]}}