{"id":47,"date":"2015-07-31T02:35:37","date_gmt":"2015-07-31T02:35:37","guid":{"rendered":"https:\/\/www.alexandremiranda.com.br\/?page_id=47"},"modified":"2023-08-25T08:47:03","modified_gmt":"2023-08-25T11:47:03","slug":"about","status":"publish","type":"page","link":"https:\/\/www.alexandremiranda.com.br\/en\/sobre\/","title":{"rendered":"About"},"content":{"rendered":"<p>[et_pb_section fb_built=&#8221;1&#8243; _builder_version=&#8221;4.16&#8243; global_colors_info=&#8221;{}&#8221;][et_pb_row column_structure=&#8221;1_3,2_3&#8243; _builder_version=&#8221;4.16&#8243; background_size=&#8221;initial&#8221; background_position=&#8221;top_left&#8221; background_repeat=&#8221;repeat&#8221; global_colors_info=&#8221;{}&#8221;][et_pb_column type=&#8221;1_3&#8243; _builder_version=&#8221;4.16&#8243; custom_padding=&#8221;|||&#8221; global_colors_info=&#8221;{}&#8221; custom_padding__hover=&#8221;|||&#8221;][et_pb_image src=&#8221;https:\/\/www.alexandremiranda.com.br\/wp-content\/uploads\/2018\/11\/Alex_maos.jpg&#8221; align_tablet=&#8221;center&#8221; align_phone=&#8221;&#8221; align_last_edited=&#8221;on|desktop&#8221; _builder_version=&#8221;4.16&#8243; animation_style=&#8221;slide&#8221; animation_direction=&#8221;left&#8221; animation_duration=&#8221;500ms&#8221; animation_intensity_slide=&#8221;10%&#8221; animation=&#8221;left&#8221; sticky=&#8221;off&#8221; use_border_color=&#8221;off&#8221; border_color=&#8221;#ffffff&#8221; border_style=&#8221;solid&#8221; global_colors_info=&#8221;{}&#8221;]<br \/>\n[\/et_pb_image][\/et_pb_column][et_pb_column type=&#8221;2_3&#8243; _builder_version=&#8221;4.16&#8243; custom_padding=&#8221;|||&#8221; global_colors_info=&#8221;{}&#8221; custom_padding__hover=&#8221;|||&#8221;][et_pb_text _builder_version=&#8221;4.16.0&#8243; background_size=&#8221;initial&#8221; background_position=&#8221;top_left&#8221; background_repeat=&#8221;repeat&#8221; use_border_color=&#8221;off&#8221; border_color=&#8221;#ffffff&#8221; border_style=&#8221;solid&#8221; global_colors_info=&#8221;{}&#8221;]<\/p>\n<p style=\"text-align: justify;\"><strong>Alexandre Miranda<\/strong>,\u00a0<strong>MD PhD FECSM<\/strong>, se graduou em Medicina pela Universidade Federal do Rio de Janeiro (<strong>UFRJ<\/strong>) em 2001, fez resid\u00eancia m\u00e9dica em Cirurgia Geral na Santa Casa de S\u00e3o Paulo (2002 \u2013 2004) e segunda resid\u00eancia m\u00e9dica em urologia no Hospital Federal de Ipanema (2004-2007). Recebeu seu t\u00edtulo de\u00a0<strong>Mestre<\/strong>\u00a0pela Universidade Estadual do Rio de Janeiro-<strong>UERJ<\/strong> em 2009, com o estudo dos efeitos da Reposi\u00e7\u00e3o Hormonal Tardia no Corpo Cavernoso do P\u00eanis. Criou o Setor de Andrologia no Servi\u00e7o de Urologia do Hospital Federal de Ipanema no final de 2007, onde passou a se dedicar \u00e0s cirurgias reconstrutoras genitais e andrologia. Introduziu novas t\u00e9cnicas nas cirurgias reconstrutoras das tortuosidades penianas, como a doen\u00e7a de Peyronie. Em 2011 fez um <strong>observership<\/strong> em uroandrologiareconstrutiva com o renomado Professor Edoardo Austoni, na <strong>Universidade de Mil\u00e3o<\/strong>, se aprofundando mais nas reconstru\u00e7\u00f5es genitais. Participou de cirurgias com Austoni em Regio Emillia, Lecco, Genova e Mil\u00e3o.<br \/>Em Julho de 2012 foi o \u00fanico brasileiro a ser agraciado com uma <strong>bolsa de estudos<\/strong> em Medicina Sexual na St Catherine\u2019s College, Oxford (Inglaterra), pela International Society for Sexual Medicine (<strong>ISSM<\/strong>) em associa\u00e7\u00e3o com a European Society for Sexual Medicine (<strong>ESSM<\/strong>).<br \/>Em dezembro de 2012 foi aprovado no exame de qualifica\u00e7\u00e3o da Sociedade Europ\u00e9ia de Medicina Sexual, ganhando o t\u00edtulo de Fellow of the European Committee of Sexual Medicine (<strong>FECSM<\/strong>).<br \/>Em mar\u00e7o de 2014 obteve o t\u00edtulo de\u00a0<strong>Doutor<\/strong>\u00a0pela Universidade Estadual do Rio de Janeiro (<strong>UERJ<\/strong>), com a cria\u00e7\u00e3o de uma nova t\u00e9cnica cir\u00fargica para doen\u00e7a de Peyronie (<strong>iGrafter<\/strong>).<br \/>Al\u00e9m do iGrafter o Dr. Alexandre Miranda foi tamb\u00e9m o criador do primeiro modelo de treinamento para enxertia na doen\u00e7a de Peyronie, impresso em 3D (2021) e da nova <span>\u00a0<\/span>t\u00e9cnica cir\u00fargica <strong>Auxetica<\/strong> (2022), para recuperar comprimento e calibre peniano, no momento da inser\u00e7\u00e3o da pr\u00f3tese peniana. Al\u00e9m disso, criou e registrou uma patente de ferramenta cir\u00fargica para corre\u00e7\u00f5es penianas.<\/p>\n<p style=\"text-align: justify;\">Atualmente <strong>coordena<\/strong> o <strong>Setor de<\/strong> <strong>Andrologia<\/strong> do <strong>Servi\u00e7o de Urologia do Hospital Federal de Ipanema<\/strong>, no Rio de Janeiro. <strong>Coordena\u00a0<\/strong>tamb\u00e9m\u00a0o <strong>departamento de medicina sexual\/infertidade<\/strong> da <strong>Sociedade Brasileira de Urologia \u2013 Rio de janeiro<\/strong> (<strong>SBU-RJ<\/strong>) (<strong>2022-2023<\/strong>).<br \/>Membro da International Society for Sexual Medicine (<strong>ISSM<\/strong>), Sexual Medicine Society of North America (<strong>SMSNA<\/strong>), European Society for Sexual Medicine (<strong>ESSM<\/strong>) e American Urological Association (<strong>AUA<\/strong>).<\/p>\n<p style=\"text-align: justify;\"><span>\u00a0<\/span><\/p>\n<p>[\/et_pb_text][\/et_pb_column][\/et_pb_row][\/et_pb_section]<\/p>\n","protected":false},"excerpt":{"rendered":"<p>Alexandre Miranda,\u00a0MD PhD FECSM, se graduou em Medicina pela Universidade Federal do Rio de Janeiro (UFRJ) em 2001, fez resid\u00eancia m\u00e9dica em Cirurgia Geral na Santa Casa de S\u00e3o Paulo (2002 \u2013 2004) e segunda resid\u00eancia m\u00e9dica em urologia no Hospital Federal de Ipanema (2004-2007). Recebeu seu t\u00edtulo de\u00a0Mestre\u00a0pela Universidade Estadual do Rio de Janeiro-UERJ [&hellip;]<\/p>\n","protected":false},"author":1,"featured_media":0,"parent":0,"menu_order":0,"comment_status":"open","ping_status":"open","template":"","meta":{"_et_pb_use_builder":"on","_et_pb_old_content":"","_et_gb_content_width":"","_monsterinsights_skip_tracking":false,"_monsterinsights_sitenote_active":false,"_monsterinsights_sitenote_note":"","_monsterinsights_sitenote_category":0,"footnotes":""},"class_list":["post-47","page","type-page","status-publish","hentry"],"yoast_head":"<!-- This site is optimized with the Yoast SEO Premium plugin v26.8 (Yoast SEO v26.8) - https:\/\/yoast.com\/product\/yoast-seo-premium-wordpress\/ -->\n<title>Sobre - Dr. Alexandre Miranda \/ Andrologia &amp; Urologia<\/title>\n<meta name=\"robots\" content=\"index, follow, max-snippet:-1, max-image-preview:large, max-video-preview:-1\" \/>\n<link rel=\"canonical\" href=\"https:\/\/www.alexandremiranda.com.br\/en\/about\/\" \/>\n<meta property=\"og:locale\" content=\"en_US\" \/>\n<meta property=\"og:type\" content=\"article\" \/>\n<meta property=\"og:title\" content=\"Dr. Alexandre Miranda | Urologia, Andrologia e Sa\u00fade Sexual Masculina\" \/>\n<meta property=\"og:description\" content=\"Especialista em disfun\u00e7\u00f5es sexuais masculinas, o Dr. Alexandre Miranda \u00e9 refer\u00eancia em andrologia e oferece atendimento \u00e9tico, discreto e com embasamento cient\u00edfico. Informa\u00e7\u00f5es confi\u00e1veis sobre sa\u00fade sexual, doen\u00e7a de Peyronie, implante peniano, preenchimento peniano e mais.\" \/>\n<meta property=\"og:url\" content=\"https:\/\/www.alexandremiranda.com.br\/en\/about\/\" \/>\n<meta property=\"og:site_name\" content=\"Dr. Alexandre Miranda \/ Andrologia &amp; Urologia\" \/>\n<meta property=\"article:modified_time\" content=\"2023-08-25T11:47:03+00:00\" \/>\n<meta property=\"og:image\" content=\"https:\/\/www.alexandremiranda.com.br\/wp-content\/uploads\/2018\/11\/Alex_maos.jpg\" \/>\n<meta name=\"twitter:card\" content=\"summary_large_image\" \/>\n<meta name=\"twitter:label1\" content=\"Est. reading time\" \/>\n\t<meta name=\"twitter:data1\" content=\"3 minutes\" \/>\n<script type=\"application\/ld+json\" class=\"yoast-schema-graph\">{\"@context\":\"https:\/\/schema.org\",\"@graph\":[{\"@type\":\"WebPage\",\"@id\":\"https:\/\/www.alexandremiranda.com.br\/sobre\/\",\"url\":\"https:\/\/www.alexandremiranda.com.br\/sobre\/\",\"name\":\"Sobre - Dr. Alexandre Miranda \/ Andrologia &amp; Urologia\",\"isPartOf\":{\"@id\":\"https:\/\/www.alexandremiranda.com.br\/#website\"},\"datePublished\":\"2015-07-31T02:35:37+00:00\",\"dateModified\":\"2023-08-25T11:47:03+00:00\",\"breadcrumb\":{\"@id\":\"https:\/\/www.alexandremiranda.com.br\/sobre\/#breadcrumb\"},\"inLanguage\":\"en-US\",\"potentialAction\":[{\"@type\":\"ReadAction\",\"target\":[\"https:\/\/www.alexandremiranda.com.br\/sobre\/\"]}]},{\"@type\":\"BreadcrumbList\",\"@id\":\"https:\/\/www.alexandremiranda.com.br\/sobre\/#breadcrumb\",\"itemListElement\":[{\"@type\":\"ListItem\",\"position\":1,\"name\":\"In\u00edcio\",\"item\":\"https:\/\/www.alexandremiranda.com.br\/\"},{\"@type\":\"ListItem\",\"position\":2,\"name\":\"Sobre\"}]},{\"@type\":\"WebSite\",\"@id\":\"https:\/\/www.alexandremiranda.com.br\/#website\",\"url\":\"https:\/\/www.alexandremiranda.com.br\/\",\"name\":\"Dr. Alexandre Miranda \/ Andrologia & Urologia\",\"description\":\"Peyronie, pr\u00f3tese peniana, reconstru\u00e7\u00e3o genital, sa\u00fade do homem\",\"publisher\":{\"@id\":\"https:\/\/www.alexandremiranda.com.br\/#\/schema\/person\/a717bb096b1f5aff66256d250d24d25e\"},\"potentialAction\":[{\"@type\":\"SearchAction\",\"target\":{\"@type\":\"EntryPoint\",\"urlTemplate\":\"https:\/\/www.alexandremiranda.com.br\/?s={search_term_string}\"},\"query-input\":{\"@type\":\"PropertyValueSpecification\",\"valueRequired\":true,\"valueName\":\"search_term_string\"}}],\"inLanguage\":\"en-US\"},{\"@type\":[\"Person\",\"Organization\"],\"@id\":\"https:\/\/www.alexandremiranda.com.br\/#\/schema\/person\/a717bb096b1f5aff66256d250d24d25e\",\"name\":\"Dr. Alexandre Miranda - RJ\",\"image\":{\"@type\":\"ImageObject\",\"inLanguage\":\"en-US\",\"@id\":\"https:\/\/www.alexandremiranda.com.br\/#\/schema\/person\/image\/\",\"url\":\"https:\/\/www.alexandremiranda.com.br\/wp-content\/uploads\/2015\/07\/cropped-icon-1.png\",\"contentUrl\":\"https:\/\/www.alexandremiranda.com.br\/wp-content\/uploads\/2015\/07\/cropped-icon-1.png\",\"width\":512,\"height\":512,\"caption\":\"Dr. Alexandre Miranda - RJ\"},\"logo\":{\"@id\":\"https:\/\/www.alexandremiranda.com.br\/#\/schema\/person\/image\/\"}}]}<\/script>\n<!-- \/ Yoast SEO Premium plugin. -->","yoast_head_json":{"title":"About - Dr. Alexandre Miranda \/ Andrology &amp; Urology","robots":{"index":"index","follow":"follow","max-snippet":"max-snippet:-1","max-image-preview":"max-image-preview:large","max-video-preview":"max-video-preview:-1"},"canonical":"https:\/\/www.alexandremiranda.com.br\/en\/about\/","og_locale":"en_US","og_type":"article","og_title":"Dr. Alexandre Miranda | Urologia, Andrologia e Sa\u00fade Sexual Masculina","og_description":"Especialista em disfun\u00e7\u00f5es sexuais masculinas, o Dr. Alexandre Miranda \u00e9 refer\u00eancia em andrologia e oferece atendimento \u00e9tico, discreto e com embasamento cient\u00edfico. Informa\u00e7\u00f5es confi\u00e1veis sobre sa\u00fade sexual, doen\u00e7a de Peyronie, implante peniano, preenchimento peniano e mais.","og_url":"https:\/\/www.alexandremiranda.com.br\/en\/about\/","og_site_name":"Dr. Alexandre Miranda \/ Andrologia &amp; Urologia","article_modified_time":"2023-08-25T11:47:03+00:00","og_image":[{"url":"https:\/\/www.alexandremiranda.com.br\/wp-content\/uploads\/2018\/11\/Alex_maos.jpg","type":"","width":"","height":""}],"twitter_card":"summary_large_image","twitter_misc":{"Est. reading time":"3 minutes"},"schema":{"@context":"https:\/\/schema.org","@graph":[{"@type":"WebPage","@id":"https:\/\/www.alexandremiranda.com.br\/sobre\/","url":"https:\/\/www.alexandremiranda.com.br\/sobre\/","name":"About - Dr. Alexandre Miranda \/ Andrology &amp; Urology","isPartOf":{"@id":"https:\/\/www.alexandremiranda.com.br\/#website"},"datePublished":"2015-07-31T02:35:37+00:00","dateModified":"2023-08-25T11:47:03+00:00","breadcrumb":{"@id":"https:\/\/www.alexandremiranda.com.br\/sobre\/#breadcrumb"},"inLanguage":"en-US","potentialAction":[{"@type":"ReadAction","target":["https:\/\/www.alexandremiranda.com.br\/sobre\/"]}]},{"@type":"BreadcrumbList","@id":"https:\/\/www.alexandremiranda.com.br\/sobre\/#breadcrumb","itemListElement":[{"@type":"ListItem","position":1,"name":"In\u00edcio","item":"https:\/\/www.alexandremiranda.com.br\/"},{"@type":"ListItem","position":2,"name":"Sobre"}]},{"@type":"WebSite","@id":"https:\/\/www.alexandremiranda.com.br\/#website","url":"https:\/\/www.alexandremiranda.com.br\/","name":"Dr. Alexandre Miranda \/ Andrology &amp; Urology","description":"Peyronie's, penile prosthesis, genital reconstruction, men's health","publisher":{"@id":"https:\/\/www.alexandremiranda.com.br\/#\/schema\/person\/a717bb096b1f5aff66256d250d24d25e"},"potentialAction":[{"@type":"SearchAction","target":{"@type":"EntryPoint","urlTemplate":"https:\/\/www.alexandremiranda.com.br\/?s={search_term_string}"},"query-input":{"@type":"PropertyValueSpecification","valueRequired":true,"valueName":"search_term_string"}}],"inLanguage":"en-US"},{"@type":["Person","Organization"],"@id":"https:\/\/www.alexandremiranda.com.br\/#\/schema\/person\/a717bb096b1f5aff66256d250d24d25e","name":"Dr. Alexandre Miranda - RJ","image":{"@type":"ImageObject","inLanguage":"en-US","@id":"https:\/\/www.alexandremiranda.com.br\/#\/schema\/person\/image\/","url":"https:\/\/www.alexandremiranda.com.br\/wp-content\/uploads\/2015\/07\/cropped-icon-1.png","contentUrl":"https:\/\/www.alexandremiranda.com.br\/wp-content\/uploads\/2015\/07\/cropped-icon-1.png","width":512,"height":512,"caption":"Dr. Alexandre Miranda - RJ"},"logo":{"@id":"https:\/\/www.alexandremiranda.com.br\/#\/schema\/person\/image\/"}}]}},"_links":{"self":[{"href":"https:\/\/www.alexandremiranda.com.br\/en\/wp-json\/wp\/v2\/pages\/47","targetHints":{"allow":["GET"]}}],"collection":[{"href":"https:\/\/www.alexandremiranda.com.br\/en\/wp-json\/wp\/v2\/pages"}],"about":[{"href":"https:\/\/www.alexandremiranda.com.br\/en\/wp-json\/wp\/v2\/types\/page"}],"author":[{"embeddable":true,"href":"https:\/\/www.alexandremiranda.com.br\/en\/wp-json\/wp\/v2\/users\/1"}],"replies":[{"embeddable":true,"href":"https:\/\/www.alexandremiranda.com.br\/en\/wp-json\/wp\/v2\/comments?post=47"}],"version-history":[{"count":0,"href":"https:\/\/www.alexandremiranda.com.br\/en\/wp-json\/wp\/v2\/pages\/47\/revisions"}],"wp:attachment":[{"href":"https:\/\/www.alexandremiranda.com.br\/en\/wp-json\/wp\/v2\/media?parent=47"}],"curies":[{"name":"wp","href":"https:\/\/api.w.org\/{rel}","templated":true}]}}