{"id":498,"date":"2015-11-23T00:26:03","date_gmt":"2015-11-23T02:26:03","guid":{"rendered":"https:\/\/www.alexandremiranda.com.br\/?page_id=498"},"modified":"2020-02-19T23:24:50","modified_gmt":"2020-02-20T02:24:50","slug":"artificial-urinary-sphincter","status":"publish","type":"page","link":"https:\/\/www.alexandremiranda.com.br\/en\/esfincter-artificial-urinario\/","title":{"rendered":"Artificial Urinary Sphincter"},"content":{"rendered":"<p>[et_pb_section fb_built=&#8221;1&#8243; fullwidth=&#8221;on&#8221; admin_label=&#8221;section&#8221; _builder_version=&#8221;3.22&#8243;][et_pb_fullwidth_header title=&#8221;Esf\u00edncter Artificial Urin\u00e1rio&#8221; text_orientation=&#8221;center&#8221; content_max_width=&#8221;none&#8221; title_font_color=&#8221;#ffffff&#8221; content_font_color=&#8221;#ffffff&#8221; admin_label=&#8221;Cabe\u00e7alho de Largura Completa&#8221; _builder_version=&#8221;3.16&#8243; title_text_color=&#8221;#ffffff&#8221; content_text_color=&#8221;#ffffff&#8221; background_color=&#8221;#98927a&#8221; background_layout=&#8221;light&#8221; button_one_text_size__hover_enabled=&#8221;off&#8221; button_two_text_size__hover_enabled=&#8221;off&#8221; button_one_text_color__hover_enabled=&#8221;off&#8221; button_two_text_color__hover_enabled=&#8221;off&#8221; button_one_border_width__hover_enabled=&#8221;off&#8221; button_two_border_width__hover_enabled=&#8221;off&#8221; button_one_border_color__hover_enabled=&#8221;off&#8221; button_two_border_color__hover_enabled=&#8221;off&#8221; button_one_border_radius__hover_enabled=&#8221;off&#8221; button_two_border_radius__hover_enabled=&#8221;off&#8221; button_one_letter_spacing__hover_enabled=&#8221;off&#8221; button_two_letter_spacing__hover_enabled=&#8221;off&#8221; button_one_bg_color__hover_enabled=&#8221;off&#8221; button_two_bg_color__hover_enabled=&#8221;off&#8221;]Tecnologia efetiva para acabar com a perda de urina<br \/>\n[\/et_pb_fullwidth_header][\/et_pb_section][et_pb_section fb_built=&#8221;1&#8243; admin_label=&#8221;section&#8221; _builder_version=&#8221;3.22&#8243;][et_pb_row column_structure=&#8221;1_3,2_3&#8243; admin_label=&#8221;row&#8221; _builder_version=&#8221;3.25&#8243; background_size=&#8221;initial&#8221; background_position=&#8221;top_left&#8221; background_repeat=&#8221;repeat&#8221;][et_pb_column type=&#8221;1_3&#8243; _builder_version=&#8221;3.25&#8243; custom_padding=&#8221;|||&#8221; custom_padding__hover=&#8221;|||&#8221;][et_pb_image src=&#8221;https:\/\/www.alexandremiranda.com.br\/wp-content\/uploads\/2015\/11\/AMS800-new.png&#8221; align_tablet=&#8221;center&#8221; align_phone=&#8221;&#8221; align_last_edited=&#8221;on|desktop&#8221; admin_label=&#8221;Imagem&#8221; _builder_version=&#8221;3.23&#8243; animation_style=&#8221;slide&#8221; animation_direction=&#8221;left&#8221; animation_duration=&#8221;500ms&#8221; animation_intensity_slide=&#8221;10%&#8221; use_border_color=&#8221;off&#8221; border_color=&#8221;#ffffff&#8221; border_style=&#8221;solid&#8221; animation=&#8221;left&#8221; sticky=&#8221;off&#8221;] [\/et_pb_image][\/et_pb_column][et_pb_column type=&#8221;2_3&#8243; _builder_version=&#8221;3.25&#8243; custom_padding=&#8221;|||&#8221; custom_padding__hover=&#8221;|||&#8221;][et_pb_blurb title=&#8221;Incontin\u00eancia Urin\u00e1ria&#8221; image_max_width=&#8221;none&#8221; admin_label=&#8221;Sinopse&#8221; _builder_version=&#8221;3.0.87&#8243; header_text_color=&#8221;#1e73be&#8221; background_size=&#8221;initial&#8221; background_position=&#8221;top_left&#8221; background_repeat=&#8221;repeat&#8221; use_border_color=&#8221;off&#8221; border_color=&#8221;#ffffff&#8221; border_style=&#8221;solid&#8221;]&nbsp;<\/p>\n<p>A incontin\u00eancia urin\u00e1ria \u00e9 uma\u00a0condi\u00e7\u00e3o embara\u00e7osa e frustante, provocada pela perda constante de urina, com impacto negativo tanto psicol\u00f3gico quanto social.<br \/>\nFelizmente este\u00a0problema tem solu\u00e7\u00e3o. Voc\u00ea n\u00e3o precisa parar sua vida\u00a0e se isolar da sua fam\u00edlia e amigos.\u00a0Estamos aqui para te ajudar.<br \/>\n[\/et_pb_blurb][et_pb_divider show_divider=&#8221;off&#8221; admin_label=&#8221;Divisor&#8221; _builder_version=&#8221;3.23.4&#8243; height=&#8221;2px&#8221; hide_on_mobile=&#8221;off&#8221;] [\/et_pb_divider][et_pb_blurb title=&#8221;O que causa isso?&#8221; image_max_width=&#8221;none&#8221; admin_label=&#8221;Sinopse&#8221; _builder_version=&#8221;3.0.87&#8243; header_text_color=&#8221;#1e73be&#8221; background_size=&#8221;initial&#8221; background_position=&#8221;top_left&#8221; background_repeat=&#8221;repeat&#8221; use_border_color=&#8221;off&#8221; border_color=&#8221;#ffffff&#8221; border_style=&#8221;solid&#8221;]&nbsp;<\/p>\n<p>A incontin\u00eancia geralmente aparece devido a um dano ao esf\u00edncter urin\u00e1rio(musculo que controla\u00a0o fluxo de sa\u00edda da urina para fora da bexiga). Quando o esf\u00edncter n\u00e3o consegue fechar completamente\u00a0a uretra\u00a0(tubo que conecta a bexiga para fora), temos a perda urin\u00e1ria.<\/p>\n<p>As causas s\u00e3o muitas, como:<\/p>\n<p>&nbsp;<\/p>\n<ul>\n<li>Ap\u00f3s tratamento para c\u00e2ncer de pr\u00f3stata (cirurgia ou radioterapia)<\/li>\n<li>Trauma p\u00e9lvico \/ cirurgia<\/li>\n<li>Doen\u00e7as (diabetes, esclerose m\u00faltipla, acidente vascular encef\u00e1lico (AVC), doen\u00e7a de Parkinson)<\/li>\n<\/ul>\n<p>[\/et_pb_blurb][\/et_pb_column][\/et_pb_row][et_pb_row column_structure=&#8221;1_3,2_3&#8243; admin_label=&#8221;row&#8221; _builder_version=&#8221;3.25&#8243; background_size=&#8221;initial&#8221; background_position=&#8221;top_left&#8221; background_repeat=&#8221;repeat&#8221;][et_pb_column type=&#8221;1_3&#8243; _builder_version=&#8221;3.25&#8243; custom_padding=&#8221;|||&#8221; custom_padding__hover=&#8221;|||&#8221;][et_pb_number_counter title=&#8221;milh\u00f5es de pacientes sofrem de incontin\u00eancia urin\u00e1ria (insufici\u00eancia do esf\u00edncter) no mundo&#8221; number=&#8221;10.4&#8243; percent_sign=&#8221;off&#8221; counter_color=&#8221;#7EBEC5&#8243; admin_label=&#8221;Contador de N\u00fameros&#8221; _builder_version=&#8221;3.0.87&#8243; title_text_color=&#8221;#1e73be&#8221; background_size=&#8221;initial&#8221; background_position=&#8221;top_left&#8221; background_repeat=&#8221;repeat&#8221; use_border_color=&#8221;off&#8221; border_color=&#8221;#ffffff&#8221; border_style=&#8221;solid&#8221;] [\/et_pb_number_counter][et_pb_divider show_divider=&#8221;off&#8221; disabled_on=&#8221;on|on|off&#8221; admin_label=&#8221;Divisor&#8221; _builder_version=&#8221;3.23.4&#8243; height=&#8221;2px&#8221; hide_on_mobile=&#8221;on&#8221;] [\/et_pb_divider][et_pb_circle_counter title=&#8221;pacientes com Incontin\u00eancia ap\u00f3s cirurgia para C\u00e2ncer de Pr\u00f3stata&#8221; number=&#8221;15&#8243; admin_label=&#8221;Contador Circular&#8221; _builder_version=&#8221;3.0.47&#8243; title_text_color=&#8221;#1e73be&#8221;] [\/et_pb_circle_counter][\/et_pb_column][et_pb_column type=&#8221;2_3&#8243; _builder_version=&#8221;3.25&#8243; custom_padding=&#8221;|||&#8221; custom_padding__hover=&#8221;|||&#8221;][et_pb_blurb title=&#8221;Quais s\u00e3o os sintomas?&#8221; image_max_width=&#8221;none&#8221; admin_label=&#8221;Sinopse&#8221; _builder_version=&#8221;3.0.87&#8243; header_text_color=&#8221;#1e73be&#8221; background_size=&#8221;initial&#8221; background_position=&#8221;top_left&#8221; background_repeat=&#8221;repeat&#8221; use_border_color=&#8221;off&#8221; border_color=&#8221;#ffffff&#8221; border_style=&#8221;solid&#8221;]<\/p>\n<p>&nbsp;<\/p>\n<p>Existem 3 formas de incontin\u00eancia urin\u00e1ria:<\/p>\n<p>1- <strong>Incontin\u00eancia de esfor\u00e7o<\/strong>:\u00a0Perda involunt\u00e1ria que acontece quando o paciente tosse, espirra, se abaixa ou faz for\u00e7a.<\/p>\n<p>2- <strong>Urge incontin\u00eancia<\/strong>: Perda associada a uma grande vontade de urinar (urg\u00eancia urin\u00e1ria).<\/p>\n<p>3- <strong>Incontin\u00eancia mista<\/strong>: Perda associada tanto com esfor\u00e7o quanto com urg\u00eancia.<\/p>\n<p>[\/et_pb_blurb][et_pb_divider show_divider=&#8221;off&#8221; admin_label=&#8221;Divisor&#8221; _builder_version=&#8221;3.23.4&#8243; height=&#8221;2px&#8221; hide_on_mobile=&#8221;off&#8221;] [\/et_pb_divider][et_pb_blurb title=&#8221;Tratamento&#8221; image_max_width=&#8221;none&#8221; admin_label=&#8221;Sinopse&#8221; _builder_version=&#8221;3.0.87&#8243; header_text_color=&#8221;#1e73be&#8221; background_size=&#8221;initial&#8221; background_position=&#8221;top_left&#8221; background_repeat=&#8221;repeat&#8221; use_border_color=&#8221;off&#8221; border_color=&#8221;#ffffff&#8221; border_style=&#8221;solid&#8221;]<\/p>\n<p>&nbsp;<\/p>\n<p><strong>OP\u00c7\u00d5ES N\u00c3O CIR\u00daRGICAS<\/strong><\/p>\n<ul>\n<li>Modifica\u00e7\u00e3o do estilo de vida: Reduzir a ingesta di\u00e1ria de l\u00edquidos, evitar cafe\u00edna e \u00e1lcool.<\/li>\n<li>Fisioterapia p\u00e9lvica<\/li>\n<li>Uso de dispositivos para prote\u00e7\u00e3o como fraldas, cuecas geri\u00e1tricas<\/li>\n<li>Clamp peniano (pode causar les\u00e3o peniana)<\/li>\n<li>Cateter vesical (tubo que entra pelo orif\u00edcio urin\u00e1rio peniano e vai at\u00e9 a bexiga)<\/li>\n<\/ul>\n<p>&nbsp;<\/p>\n<p><strong>OP\u00c7\u00d5ES CIR\u00daRGICAS<\/strong><\/p>\n<ul>\n<li>Sling<\/li>\n<li>Esf\u00edncter artificial<\/li>\n<\/ul>\n<p>[\/et_pb_blurb][et_pb_text _builder_version=&#8221;4.3.2&#8243; hover_enabled=&#8221;0&#8243;]<\/p>\n<h3><span style=\"color: #0c71c3;\">Veja o v\u00eddeo abaixo e entenda como funciona o esf\u00edncter urin\u00e1rio artificial<\/span><\/h3>\n<p>[\/et_pb_text][et_pb_video src=&#8221;https:\/\/youtu.be\/5Omxr1LWey0&#8243; image_src=&#8221;\/\/i.ytimg.com\/vi\/5Omxr1LWey0\/hqdefault.jpg&#8221; thumbnail_overlay_color=&#8221;rgba(0,0,0,0.6)&#8221; _builder_version=&#8221;4.3.2&#8243;][\/et_pb_video][et_pb_divider show_divider=&#8221;off&#8221; admin_label=&#8221;Divisor&#8221; _builder_version=&#8221;3.23.4&#8243; height=&#8221;2px&#8221; hide_on_mobile=&#8221;off&#8221;] [\/et_pb_divider][et_pb_blurb title=&#8221;Indica\u00e7\u00e3o do Esf\u00edncter artificial&#8221; image_max_width=&#8221;none&#8221; admin_label=&#8221;Sinopse&#8221; _builder_version=&#8221;3.0.87&#8243; header_text_color=&#8221;#1e73be&#8221; background_size=&#8221;initial&#8221; background_position=&#8221;top_left&#8221; background_repeat=&#8221;repeat&#8221; use_border_color=&#8221;off&#8221; border_color=&#8221;#ffffff&#8221; border_style=&#8221;solid&#8221;]<\/p>\n<p>&nbsp;<\/p>\n<p>Em geral est\u00e1 indicado nos pacientes que sofrem de incontin\u00eancia urin\u00e1ria por fal\u00eancia do esf\u00edncter (incontin\u00eancia de esfor\u00e7o), principalmente se o paciente apresenta uma incontin\u00eancia moderada\/grave (+ 3 forros\/dia).<\/p>\n<p>[\/et_pb_blurb][et_pb_cta title=&#8221;Agende Agora Sua Consulta\u00a0&#8221; button_url=&#8221;https:\/\/www.alexandremiranda.com.br\/agendamento\/&#8221; button_text=&#8221;Agendar&#8221; _builder_version=&#8221;4.3.2&#8243; custom_button=&#8221;on&#8221; button_text_color=&#8221;#ffffff&#8221; button_border_color=&#8221;#ffffff&#8221; button_font=&#8221;||||||||&#8221; button_icon_color=&#8221;#ffffff&#8221; hover_enabled=&#8221;0&#8243;][\/et_pb_cta][\/et_pb_column][\/et_pb_row][\/et_pb_section]<\/p>\n","protected":false},"excerpt":{"rendered":"<p>Tecnologia efetiva para acabar com a perda de urina &nbsp; A incontin\u00eancia urin\u00e1ria \u00e9 uma\u00a0condi\u00e7\u00e3o embara\u00e7osa e frustante, provocada pela perda constante de urina, com impacto negativo tanto psicol\u00f3gico quanto social. Felizmente este\u00a0problema tem solu\u00e7\u00e3o. Voc\u00ea n\u00e3o precisa parar sua vida\u00a0e se isolar da sua fam\u00edlia e amigos.\u00a0Estamos aqui para te ajudar. &nbsp; A incontin\u00eancia [&hellip;]<\/p>\n","protected":false},"author":1,"featured_media":0,"parent":0,"menu_order":0,"comment_status":"closed","ping_status":"closed","template":"","meta":{"_et_pb_use_builder":"on","_et_pb_old_content":"","_et_gb_content_width":"","_monsterinsights_skip_tracking":false,"_monsterinsights_sitenote_active":false,"_monsterinsights_sitenote_note":"","_monsterinsights_sitenote_category":0,"footnotes":""},"class_list":["post-498","page","type-page","status-publish","hentry"],"yoast_head":"<!-- This site is optimized with the Yoast SEO Premium plugin v26.8 (Yoast SEO v26.8) - https:\/\/yoast.com\/product\/yoast-seo-premium-wordpress\/ -->\n<title>Esf\u00edncter Artificial Urin\u00e1rio - Dr. Alexandre Miranda \/ Andrologia &amp; Urologia<\/title>\n<meta name=\"description\" content=\"Tratamento definitivo para a perda urin\u00e1ria. Livre-se das\u00a0fraldas.\" \/>\n<meta name=\"robots\" content=\"index, follow, max-snippet:-1, max-image-preview:large, max-video-preview:-1\" \/>\n<link rel=\"canonical\" href=\"https:\/\/www.alexandremiranda.com.br\/en\/artificial-urinary-sphincter\/\" \/>\n<meta property=\"og:locale\" content=\"en_US\" \/>\n<meta property=\"og:type\" content=\"article\" \/>\n<meta property=\"og:title\" content=\"Dr. Alexandre Miranda | Urologia, Andrologia e Sa\u00fade Sexual Masculina\" \/>\n<meta property=\"og:description\" content=\"Especialista em disfun\u00e7\u00f5es sexuais masculinas, o Dr. Alexandre Miranda \u00e9 refer\u00eancia em andrologia e oferece atendimento \u00e9tico, discreto e com embasamento cient\u00edfico. Informa\u00e7\u00f5es confi\u00e1veis sobre sa\u00fade sexual, doen\u00e7a de Peyronie, implante peniano, preenchimento peniano e mais.\" \/>\n<meta property=\"og:url\" content=\"https:\/\/www.alexandremiranda.com.br\/en\/artificial-urinary-sphincter\/\" \/>\n<meta property=\"og:site_name\" content=\"Dr. Alexandre Miranda \/ Andrologia &amp; Urologia\" \/>\n<meta property=\"article:modified_time\" content=\"2020-02-20T02:24:50+00:00\" \/>\n<meta property=\"og:image\" content=\"https:\/\/www.alexandremiranda.com.br\/wp-content\/uploads\/2018\/11\/Alex_Janela.jpg\" \/>\n\t<meta property=\"og:image:width\" content=\"1181\" \/>\n\t<meta property=\"og:image:height\" content=\"782\" \/>\n\t<meta property=\"og:image:type\" content=\"image\/jpeg\" \/>\n<meta name=\"twitter:card\" content=\"summary_large_image\" \/>\n<meta name=\"twitter:label1\" content=\"Est. reading time\" \/>\n\t<meta name=\"twitter:data1\" content=\"6 minutes\" \/>\n<script type=\"application\/ld+json\" class=\"yoast-schema-graph\">{\"@context\":\"https:\/\/schema.org\",\"@graph\":[{\"@type\":\"WebPage\",\"@id\":\"https:\/\/www.alexandremiranda.com.br\/esfincter-artificial-urinario\/\",\"url\":\"https:\/\/www.alexandremiranda.com.br\/esfincter-artificial-urinario\/\",\"name\":\"Esf\u00edncter Artificial Urin\u00e1rio - Dr. Alexandre Miranda \/ Andrologia &amp; Urologia\",\"isPartOf\":{\"@id\":\"https:\/\/www.alexandremiranda.com.br\/#website\"},\"datePublished\":\"2015-11-23T02:26:03+00:00\",\"dateModified\":\"2020-02-20T02:24:50+00:00\",\"description\":\"Tratamento definitivo para a perda urin\u00e1ria. Livre-se das\u00a0fraldas.\",\"breadcrumb\":{\"@id\":\"https:\/\/www.alexandremiranda.com.br\/esfincter-artificial-urinario\/#breadcrumb\"},\"inLanguage\":\"en-US\",\"potentialAction\":[{\"@type\":\"ReadAction\",\"target\":[\"https:\/\/www.alexandremiranda.com.br\/esfincter-artificial-urinario\/\"]}]},{\"@type\":\"BreadcrumbList\",\"@id\":\"https:\/\/www.alexandremiranda.com.br\/esfincter-artificial-urinario\/#breadcrumb\",\"itemListElement\":[{\"@type\":\"ListItem\",\"position\":1,\"name\":\"In\u00edcio\",\"item\":\"https:\/\/www.alexandremiranda.com.br\/\"},{\"@type\":\"ListItem\",\"position\":2,\"name\":\"Esf\u00edncter Artificial Urin\u00e1rio\"}]},{\"@type\":\"WebSite\",\"@id\":\"https:\/\/www.alexandremiranda.com.br\/#website\",\"url\":\"https:\/\/www.alexandremiranda.com.br\/\",\"name\":\"Dr. Alexandre Miranda \/ Andrologia & Urologia\",\"description\":\"Peyronie, pr\u00f3tese peniana, reconstru\u00e7\u00e3o genital, sa\u00fade do homem\",\"publisher\":{\"@id\":\"https:\/\/www.alexandremiranda.com.br\/#\/schema\/person\/a717bb096b1f5aff66256d250d24d25e\"},\"potentialAction\":[{\"@type\":\"SearchAction\",\"target\":{\"@type\":\"EntryPoint\",\"urlTemplate\":\"https:\/\/www.alexandremiranda.com.br\/?s={search_term_string}\"},\"query-input\":{\"@type\":\"PropertyValueSpecification\",\"valueRequired\":true,\"valueName\":\"search_term_string\"}}],\"inLanguage\":\"en-US\"},{\"@type\":[\"Person\",\"Organization\"],\"@id\":\"https:\/\/www.alexandremiranda.com.br\/#\/schema\/person\/a717bb096b1f5aff66256d250d24d25e\",\"name\":\"Dr. Alexandre Miranda - RJ\",\"image\":{\"@type\":\"ImageObject\",\"inLanguage\":\"en-US\",\"@id\":\"https:\/\/www.alexandremiranda.com.br\/#\/schema\/person\/image\/\",\"url\":\"https:\/\/www.alexandremiranda.com.br\/wp-content\/uploads\/2015\/07\/cropped-icon-1.png\",\"contentUrl\":\"https:\/\/www.alexandremiranda.com.br\/wp-content\/uploads\/2015\/07\/cropped-icon-1.png\",\"width\":512,\"height\":512,\"caption\":\"Dr. Alexandre Miranda - RJ\"},\"logo\":{\"@id\":\"https:\/\/www.alexandremiranda.com.br\/#\/schema\/person\/image\/\"}}]}<\/script>\n<!-- \/ Yoast SEO Premium plugin. -->","yoast_head_json":{"title":"Artificial Urinary Sphincter - Dr. Alexandre Miranda \/ Andrology &amp; Urology","description":"The definitive treatment for urinary leakage. Get rid of diapers.","robots":{"index":"index","follow":"follow","max-snippet":"max-snippet:-1","max-image-preview":"max-image-preview:large","max-video-preview":"max-video-preview:-1"},"canonical":"https:\/\/www.alexandremiranda.com.br\/en\/artificial-urinary-sphincter\/","og_locale":"en_US","og_type":"article","og_title":"Dr. Alexandre Miranda | Urologia, Andrologia e Sa\u00fade Sexual Masculina","og_description":"Especialista em disfun\u00e7\u00f5es sexuais masculinas, o Dr. Alexandre Miranda \u00e9 refer\u00eancia em andrologia e oferece atendimento \u00e9tico, discreto e com embasamento cient\u00edfico. Informa\u00e7\u00f5es confi\u00e1veis sobre sa\u00fade sexual, doen\u00e7a de Peyronie, implante peniano, preenchimento peniano e mais.","og_url":"https:\/\/www.alexandremiranda.com.br\/en\/artificial-urinary-sphincter\/","og_site_name":"Dr. Alexandre Miranda \/ Andrologia &amp; Urologia","article_modified_time":"2020-02-20T02:24:50+00:00","og_image":[{"width":1181,"height":782,"url":"https:\/\/www.alexandremiranda.com.br\/wp-content\/uploads\/2018\/11\/Alex_Janela.jpg","type":"image\/jpeg"}],"twitter_card":"summary_large_image","twitter_misc":{"Est. reading time":"6 minutes"},"schema":{"@context":"https:\/\/schema.org","@graph":[{"@type":"WebPage","@id":"https:\/\/www.alexandremiranda.com.br\/esfincter-artificial-urinario\/","url":"https:\/\/www.alexandremiranda.com.br\/esfincter-artificial-urinario\/","name":"Artificial Urinary Sphincter - Dr. Alexandre Miranda \/ Andrology &amp; Urology","isPartOf":{"@id":"https:\/\/www.alexandremiranda.com.br\/#website"},"datePublished":"2015-11-23T02:26:03+00:00","dateModified":"2020-02-20T02:24:50+00:00","description":"The definitive treatment for urinary leakage. Get rid of diapers.","breadcrumb":{"@id":"https:\/\/www.alexandremiranda.com.br\/esfincter-artificial-urinario\/#breadcrumb"},"inLanguage":"en-US","potentialAction":[{"@type":"ReadAction","target":["https:\/\/www.alexandremiranda.com.br\/esfincter-artificial-urinario\/"]}]},{"@type":"BreadcrumbList","@id":"https:\/\/www.alexandremiranda.com.br\/esfincter-artificial-urinario\/#breadcrumb","itemListElement":[{"@type":"ListItem","position":1,"name":"In\u00edcio","item":"https:\/\/www.alexandremiranda.com.br\/"},{"@type":"ListItem","position":2,"name":"Esf\u00edncter Artificial Urin\u00e1rio"}]},{"@type":"WebSite","@id":"https:\/\/www.alexandremiranda.com.br\/#website","url":"https:\/\/www.alexandremiranda.com.br\/","name":"Dr. Alexandre Miranda \/ Andrology &amp; Urology","description":"Peyronie's, penile prosthesis, genital reconstruction, men's health","publisher":{"@id":"https:\/\/www.alexandremiranda.com.br\/#\/schema\/person\/a717bb096b1f5aff66256d250d24d25e"},"potentialAction":[{"@type":"SearchAction","target":{"@type":"EntryPoint","urlTemplate":"https:\/\/www.alexandremiranda.com.br\/?s={search_term_string}"},"query-input":{"@type":"PropertyValueSpecification","valueRequired":true,"valueName":"search_term_string"}}],"inLanguage":"en-US"},{"@type":["Person","Organization"],"@id":"https:\/\/www.alexandremiranda.com.br\/#\/schema\/person\/a717bb096b1f5aff66256d250d24d25e","name":"Dr. Alexandre Miranda - RJ","image":{"@type":"ImageObject","inLanguage":"en-US","@id":"https:\/\/www.alexandremiranda.com.br\/#\/schema\/person\/image\/","url":"https:\/\/www.alexandremiranda.com.br\/wp-content\/uploads\/2015\/07\/cropped-icon-1.png","contentUrl":"https:\/\/www.alexandremiranda.com.br\/wp-content\/uploads\/2015\/07\/cropped-icon-1.png","width":512,"height":512,"caption":"Dr. Alexandre Miranda - RJ"},"logo":{"@id":"https:\/\/www.alexandremiranda.com.br\/#\/schema\/person\/image\/"}}]}},"_links":{"self":[{"href":"https:\/\/www.alexandremiranda.com.br\/en\/wp-json\/wp\/v2\/pages\/498","targetHints":{"allow":["GET"]}}],"collection":[{"href":"https:\/\/www.alexandremiranda.com.br\/en\/wp-json\/wp\/v2\/pages"}],"about":[{"href":"https:\/\/www.alexandremiranda.com.br\/en\/wp-json\/wp\/v2\/types\/page"}],"author":[{"embeddable":true,"href":"https:\/\/www.alexandremiranda.com.br\/en\/wp-json\/wp\/v2\/users\/1"}],"replies":[{"embeddable":true,"href":"https:\/\/www.alexandremiranda.com.br\/en\/wp-json\/wp\/v2\/comments?post=498"}],"version-history":[{"count":0,"href":"https:\/\/www.alexandremiranda.com.br\/en\/wp-json\/wp\/v2\/pages\/498\/revisions"}],"wp:attachment":[{"href":"https:\/\/www.alexandremiranda.com.br\/en\/wp-json\/wp\/v2\/media?parent=498"}],"curies":[{"name":"wp","href":"https:\/\/api.w.org\/{rel}","templated":true}]}}