{"id":61,"date":"2015-07-31T02:46:45","date_gmt":"2015-07-31T02:46:45","guid":{"rendered":"https:\/\/www.alexandremiranda.com.br\/?page_id=61"},"modified":"2022-04-07T17:12:15","modified_gmt":"2022-04-07T20:12:15","slug":"congenitally-crooked-penis","status":"publish","type":"page","link":"https:\/\/www.alexandremiranda.com.br\/en\/penis-torto-congenito\/","title":{"rendered":"ongenital Penile Curvature"},"content":{"rendered":"<p>[et_pb_section fb_built=&#8221;1&#8243; fullwidth=&#8221;on&#8221; admin_label=&#8221;section&#8221; _builder_version=&#8221;4.16&#8243; global_colors_info=&#8221;{}&#8221;][et_pb_fullwidth_header title=&#8221;P\u00eanis Curvo Cong\u00eanito&#8221; text_orientation=&#8221;center&#8221; content_max_width=&#8221;none&#8221; title_font_color=&#8221;#ffffff&#8221; content_font_color=&#8221;#ffffff&#8221; admin_label=&#8221;Cabe\u00e7alho de Largura Completa&#8221; _builder_version=&#8221;4.16&#8243; title_text_color=&#8221;#ffffff&#8221; content_text_color=&#8221;#ffffff&#8221; background_color=&#8221;#98927a&#8221; background_layout=&#8221;light&#8221; button_one_letter_spacing_hover=&#8221;0&#8243; button_two_letter_spacing_hover=&#8221;0&#8243; global_colors_info=&#8221;{}&#8221; button_one_text_size__hover_enabled=&#8221;off&#8221; button_two_text_size__hover_enabled=&#8221;off&#8221; button_one_text_color__hover_enabled=&#8221;off&#8221; button_two_text_color__hover_enabled=&#8221;off&#8221; button_one_border_width__hover_enabled=&#8221;off&#8221; button_two_border_width__hover_enabled=&#8221;off&#8221; button_one_border_color__hover_enabled=&#8221;off&#8221; button_two_border_color__hover_enabled=&#8221;off&#8221; button_one_border_radius__hover_enabled=&#8221;off&#8221; button_two_border_radius__hover_enabled=&#8221;off&#8221; button_one_letter_spacing__hover_enabled=&#8221;on&#8221; button_one_letter_spacing__hover=&#8221;0&#8243; button_two_letter_spacing__hover_enabled=&#8221;on&#8221; button_two_letter_spacing__hover=&#8221;0&#8243; button_one_bg_color__hover_enabled=&#8221;off&#8221; button_two_bg_color__hover_enabled=&#8221;off&#8221;] [\/et_pb_fullwidth_header][\/et_pb_section][et_pb_section fb_built=&#8221;1&#8243; admin_label=&#8221;section&#8221; _builder_version=&#8221;4.16&#8243; global_colors_info=&#8221;{}&#8221;][et_pb_row column_structure=&#8221;1_3,2_3&#8243; admin_label=&#8221;row&#8221; _builder_version=&#8221;4.16&#8243; background_size=&#8221;initial&#8221; background_position=&#8221;top_left&#8221; background_repeat=&#8221;repeat&#8221; global_colors_info=&#8221;{}&#8221;][et_pb_column type=&#8221;1_3&#8243; _builder_version=&#8221;4.16&#8243; custom_padding=&#8221;|||&#8221; global_colors_info=&#8221;{}&#8221; custom_padding__hover=&#8221;|||&#8221;][et_pb_blurb use_icon=&#8221;on&#8221; font_icon=&#8221;&#x35;||divi||400&#8243; image_icon_background_color=&#8221;#ffffff&#8221; image_icon_width=&#8221;48px&#8221; admin_label=&#8221;Sinopse&#8221; _builder_version=&#8221;4.16&#8243; body_line_height=&#8221;2em&#8221; background_size=&#8221;initial&#8221; background_position=&#8221;top_left&#8221; background_repeat=&#8221;repeat&#8221; image_icon_custom_padding=&#8221;25px|25px|25px|25px|false|false&#8221; border_radii_image=&#8221;on|100%|100%|100%|100%&#8221; border_width_all_image=&#8221;3px&#8221; border_color_all_image=&#8221;#7EBEC5&#8243; use_border_color=&#8221;off&#8221; border_color=&#8221;#ffffff&#8221; border_style=&#8221;solid&#8221; image_max_width=&#8221;none&#8221; use_circle=&#8221;on&#8221; use_circle_border=&#8221;on&#8221; circle_border_color=&#8221;#7EBEC5&#8243; circle_color=&#8221;#ffffff&#8221; global_colors_info=&#8221;{}&#8221; image_icon_background_color__sticky_enabled=&#8221;#7EBEC5&#8243; image_icon_background_color__sticky=&#8221;#7EBEC5&#8243;] [\/et_pb_blurb][\/et_pb_column][et_pb_column type=&#8221;2_3&#8243; _builder_version=&#8221;4.16&#8243; custom_padding=&#8221;|||&#8221; global_colors_info=&#8221;{}&#8221; custom_padding__hover=&#8221;|||&#8221;][et_pb_text admin_label=&#8221;Texto&#8221; _builder_version=&#8221;4.16&#8243; background_size=&#8221;initial&#8221; background_position=&#8221;top_left&#8221; background_repeat=&#8221;repeat&#8221; use_border_color=&#8221;off&#8221; border_color=&#8221;#ffffff&#8221; border_style=&#8221;solid&#8221; global_colors_info=&#8221;{}&#8221;]<\/p>\n<p>O p\u00eanis curvo cong\u00eanito \u00e9 relativamente incomum e pode se apresentar tardiamente na adolesc\u00eancia ou no in\u00edcio da vida adulta. A incid\u00eancia \u00e9 estimada entre 0.6%, mas a estimativa da doen\u00e7a clinicamente significante \u00e9 muito menor, j\u00e1 que h\u00e1 uma grande varia\u00e7\u00e3o no grau de desvio e a na disfun\u00e7\u00e3o sexual.<br \/>O p\u00eanis curvo cong\u00eanito pode ser classificado erroneamente como doen\u00e7a de Peyronie, por conta da sua manifesta\u00e7\u00e3o cl\u00ednica similar, embora a etiologia e a patofisiologia sejam diferentes.<br \/>A curvatura pode ser para qualquer lado, sendo a dorsal (virada para o umbigo) a mais comum. Al\u00e9m disso, ela pode estar associada a hipost\u00e1dias\/episp\u00e1dias.<\/p>\n<p><strong>APRESENTA\u00c7\u00c3O<\/strong>:<br \/>Enquanto a maioria das malforma\u00e7\u00f5es penianas aparecem na inf\u00e2ncia o p\u00eanis curvo cong\u00eanito tende a se manifestar no fim da adolesc\u00eancia e in\u00edcio da vida adulta, como uma tortuosidade peniana durante a ere\u00e7\u00e3o. Muitas vezes o paciente se queixa que seu p\u00eanis \u201cdobra\u201d quando tenta realizar uma penetra\u00e7\u00e3o. Os que possuem curvaturas maiores que 30 graus tendem a procurar mais ativamente ajuda m\u00e9dica.<br \/>Esta altera\u00e7\u00e3o provoca um impacto muito grande na confia\u00e7a e auto-estima do paciente acometido, gerando muitas vezes depress\u00e3o e isolamento social.<\/p>\n<p><strong>TRATAMENTO<\/strong>:<br \/>O tratamento do p\u00eanis curvo cong\u00eanito \u00e9 cir\u00fargico, podendo ser feito com uma cirurgia que diminui um pouco o lado longo peniano; ou com o aumento do lado curto, com a inser\u00e7\u00e3o de um enxerto.<br \/>Cada caso deve ser individualmente analisado e discutido com seu m\u00e9dico, levando-se e considera\u00e7\u00e3o os pr\u00f3s e contras.<br \/>O Dr. Alexandre Miranda realiza a cirurgia com uma t\u00e9cnica onde n\u00e3o \u00e9 necess\u00e1rio fazer a fimose, n\u00e3o deixando cicatriz no p\u00eanis.<br \/>Se voc\u00ea ou seu filho est\u00e3o com esse problema agende agora uma consulta com o Dr. Alexandre Miranda.<br \/>Tel: + 55 (21) 3183-7395<\/p>\n<p>[\/et_pb_text][\/et_pb_column][\/et_pb_row][\/et_pb_section]<\/p>\n","protected":false},"excerpt":{"rendered":"<p>O p\u00eanis curvo cong\u00eanito \u00e9 relativamente incomum e pode se apresentar tardiamente na adolesc\u00eancia ou no in\u00edcio da vida adulta. A incid\u00eancia \u00e9 estimada entre 0.6%, mas a estimativa da doen\u00e7a clinicamente significante \u00e9 muito menor, j\u00e1 que h\u00e1 uma grande varia\u00e7\u00e3o no grau de desvio e a na disfun\u00e7\u00e3o sexual.O p\u00eanis curvo cong\u00eanito pode [&hellip;]<\/p>\n","protected":false},"author":1,"featured_media":0,"parent":0,"menu_order":0,"comment_status":"open","ping_status":"open","template":"","meta":{"_et_pb_use_builder":"on","_et_pb_old_content":"","_et_gb_content_width":"","_monsterinsights_skip_tracking":false,"_monsterinsights_sitenote_active":false,"_monsterinsights_sitenote_note":"","_monsterinsights_sitenote_category":0,"footnotes":""},"class_list":["post-61","page","type-page","status-publish","hentry"],"yoast_head":"<!-- This site is optimized with the Yoast SEO Premium plugin v26.8 (Yoast SEO v26.8) - https:\/\/yoast.com\/product\/yoast-seo-premium-wordpress\/ -->\n<title>P\u00eanis Torto Cong\u00eanito - Dr. Alexandre Miranda \/ Andrologia &amp; Urologia<\/title>\n<meta name=\"description\" content=\"O tratamento desta condi\u00e7\u00e3o \u00e9 cir\u00fargico, podendo ser feito com uma cirurgia de plicatura ou com a coloca\u00e7\u00e3o de um enxerto.\" \/>\n<meta name=\"robots\" content=\"index, follow, max-snippet:-1, max-image-preview:large, max-video-preview:-1\" \/>\n<link rel=\"canonical\" href=\"https:\/\/www.alexandremiranda.com.br\/en\/congenitally-crooked-penis\/\" \/>\n<meta property=\"og:locale\" content=\"en_US\" \/>\n<meta property=\"og:type\" content=\"article\" \/>\n<meta property=\"og:title\" content=\"Dr. Alexandre Miranda | Urologia, Andrologia e Sa\u00fade Sexual Masculina\" \/>\n<meta property=\"og:description\" content=\"Especialista em disfun\u00e7\u00f5es sexuais masculinas, o Dr. Alexandre Miranda \u00e9 refer\u00eancia em andrologia e oferece atendimento \u00e9tico, discreto e com embasamento cient\u00edfico. Informa\u00e7\u00f5es confi\u00e1veis sobre sa\u00fade sexual, doen\u00e7a de Peyronie, implante peniano, preenchimento peniano e mais.\" \/>\n<meta property=\"og:url\" content=\"https:\/\/www.alexandremiranda.com.br\/en\/congenitally-crooked-penis\/\" \/>\n<meta property=\"og:site_name\" content=\"Dr. Alexandre Miranda \/ Andrologia &amp; Urologia\" \/>\n<meta property=\"article:modified_time\" content=\"2022-04-07T20:12:15+00:00\" \/>\n<meta property=\"og:image\" content=\"https:\/\/www.alexandremiranda.com.br\/wp-content\/uploads\/2018\/11\/Alex_Janela.jpg\" \/>\n\t<meta property=\"og:image:width\" content=\"1181\" \/>\n\t<meta property=\"og:image:height\" content=\"782\" \/>\n\t<meta property=\"og:image:type\" content=\"image\/jpeg\" \/>\n<meta name=\"twitter:card\" content=\"summary_large_image\" \/>\n<meta name=\"twitter:label1\" content=\"Est. reading time\" \/>\n\t<meta name=\"twitter:data1\" content=\"4 minutes\" \/>\n<script type=\"application\/ld+json\" class=\"yoast-schema-graph\">{\"@context\":\"https:\/\/schema.org\",\"@graph\":[{\"@type\":\"WebPage\",\"@id\":\"https:\/\/www.alexandremiranda.com.br\/penis-torto-congenito\/\",\"url\":\"https:\/\/www.alexandremiranda.com.br\/penis-torto-congenito\/\",\"name\":\"P\u00eanis Torto Cong\u00eanito - Dr. Alexandre Miranda \/ Andrologia &amp; Urologia\",\"isPartOf\":{\"@id\":\"https:\/\/www.alexandremiranda.com.br\/#website\"},\"datePublished\":\"2015-07-31T02:46:45+00:00\",\"dateModified\":\"2022-04-07T20:12:15+00:00\",\"description\":\"O tratamento desta condi\u00e7\u00e3o \u00e9 cir\u00fargico, podendo ser feito com uma cirurgia de plicatura ou com a coloca\u00e7\u00e3o de um enxerto.\",\"breadcrumb\":{\"@id\":\"https:\/\/www.alexandremiranda.com.br\/penis-torto-congenito\/#breadcrumb\"},\"inLanguage\":\"en-US\",\"potentialAction\":[{\"@type\":\"ReadAction\",\"target\":[\"https:\/\/www.alexandremiranda.com.br\/penis-torto-congenito\/\"]}]},{\"@type\":\"BreadcrumbList\",\"@id\":\"https:\/\/www.alexandremiranda.com.br\/penis-torto-congenito\/#breadcrumb\",\"itemListElement\":[{\"@type\":\"ListItem\",\"position\":1,\"name\":\"In\u00edcio\",\"item\":\"https:\/\/www.alexandremiranda.com.br\/\"},{\"@type\":\"ListItem\",\"position\":2,\"name\":\"P\u00eanis Torto Cong\u00eanito\"}]},{\"@type\":\"WebSite\",\"@id\":\"https:\/\/www.alexandremiranda.com.br\/#website\",\"url\":\"https:\/\/www.alexandremiranda.com.br\/\",\"name\":\"Dr. Alexandre Miranda \/ Andrologia & Urologia\",\"description\":\"Peyronie, pr\u00f3tese peniana, reconstru\u00e7\u00e3o genital, sa\u00fade do homem\",\"publisher\":{\"@id\":\"https:\/\/www.alexandremiranda.com.br\/#\/schema\/person\/a717bb096b1f5aff66256d250d24d25e\"},\"potentialAction\":[{\"@type\":\"SearchAction\",\"target\":{\"@type\":\"EntryPoint\",\"urlTemplate\":\"https:\/\/www.alexandremiranda.com.br\/?s={search_term_string}\"},\"query-input\":{\"@type\":\"PropertyValueSpecification\",\"valueRequired\":true,\"valueName\":\"search_term_string\"}}],\"inLanguage\":\"en-US\"},{\"@type\":[\"Person\",\"Organization\"],\"@id\":\"https:\/\/www.alexandremiranda.com.br\/#\/schema\/person\/a717bb096b1f5aff66256d250d24d25e\",\"name\":\"Dr. Alexandre Miranda - RJ\",\"image\":{\"@type\":\"ImageObject\",\"inLanguage\":\"en-US\",\"@id\":\"https:\/\/www.alexandremiranda.com.br\/#\/schema\/person\/image\/\",\"url\":\"https:\/\/www.alexandremiranda.com.br\/wp-content\/uploads\/2015\/07\/cropped-icon-1.png\",\"contentUrl\":\"https:\/\/www.alexandremiranda.com.br\/wp-content\/uploads\/2015\/07\/cropped-icon-1.png\",\"width\":512,\"height\":512,\"caption\":\"Dr. Alexandre Miranda - RJ\"},\"logo\":{\"@id\":\"https:\/\/www.alexandremiranda.com.br\/#\/schema\/person\/image\/\"}}]}<\/script>\n<!-- \/ Yoast SEO Premium plugin. -->","yoast_head_json":{"title":"Congenitally Crooked Penis - Dr. Alexandre Miranda \/ Andrology &amp; Urology","description":"This condition is treated surgically, either by plication or by the placement of a graft.","robots":{"index":"index","follow":"follow","max-snippet":"max-snippet:-1","max-image-preview":"max-image-preview:large","max-video-preview":"max-video-preview:-1"},"canonical":"https:\/\/www.alexandremiranda.com.br\/en\/congenitally-crooked-penis\/","og_locale":"en_US","og_type":"article","og_title":"Dr. Alexandre Miranda | Urologia, Andrologia e Sa\u00fade Sexual Masculina","og_description":"Especialista em disfun\u00e7\u00f5es sexuais masculinas, o Dr. Alexandre Miranda \u00e9 refer\u00eancia em andrologia e oferece atendimento \u00e9tico, discreto e com embasamento cient\u00edfico. Informa\u00e7\u00f5es confi\u00e1veis sobre sa\u00fade sexual, doen\u00e7a de Peyronie, implante peniano, preenchimento peniano e mais.","og_url":"https:\/\/www.alexandremiranda.com.br\/en\/congenitally-crooked-penis\/","og_site_name":"Dr. Alexandre Miranda \/ Andrologia &amp; Urologia","article_modified_time":"2022-04-07T20:12:15+00:00","og_image":[{"width":1181,"height":782,"url":"https:\/\/www.alexandremiranda.com.br\/wp-content\/uploads\/2018\/11\/Alex_Janela.jpg","type":"image\/jpeg"}],"twitter_card":"summary_large_image","twitter_misc":{"Est. reading time":"4 minutes"},"schema":{"@context":"https:\/\/schema.org","@graph":[{"@type":"WebPage","@id":"https:\/\/www.alexandremiranda.com.br\/penis-torto-congenito\/","url":"https:\/\/www.alexandremiranda.com.br\/penis-torto-congenito\/","name":"Congenitally Crooked Penis - Dr. Alexandre Miranda \/ Andrology &amp; Urology","isPartOf":{"@id":"https:\/\/www.alexandremiranda.com.br\/#website"},"datePublished":"2015-07-31T02:46:45+00:00","dateModified":"2022-04-07T20:12:15+00:00","description":"This condition is treated surgically, either by plication or by the placement of a graft.","breadcrumb":{"@id":"https:\/\/www.alexandremiranda.com.br\/penis-torto-congenito\/#breadcrumb"},"inLanguage":"en-US","potentialAction":[{"@type":"ReadAction","target":["https:\/\/www.alexandremiranda.com.br\/penis-torto-congenito\/"]}]},{"@type":"BreadcrumbList","@id":"https:\/\/www.alexandremiranda.com.br\/penis-torto-congenito\/#breadcrumb","itemListElement":[{"@type":"ListItem","position":1,"name":"In\u00edcio","item":"https:\/\/www.alexandremiranda.com.br\/"},{"@type":"ListItem","position":2,"name":"P\u00eanis Torto Cong\u00eanito"}]},{"@type":"WebSite","@id":"https:\/\/www.alexandremiranda.com.br\/#website","url":"https:\/\/www.alexandremiranda.com.br\/","name":"Dr. Alexandre Miranda \/ Andrology &amp; Urology","description":"Peyronie's, penile prosthesis, genital reconstruction, men's health","publisher":{"@id":"https:\/\/www.alexandremiranda.com.br\/#\/schema\/person\/a717bb096b1f5aff66256d250d24d25e"},"potentialAction":[{"@type":"SearchAction","target":{"@type":"EntryPoint","urlTemplate":"https:\/\/www.alexandremiranda.com.br\/?s={search_term_string}"},"query-input":{"@type":"PropertyValueSpecification","valueRequired":true,"valueName":"search_term_string"}}],"inLanguage":"en-US"},{"@type":["Person","Organization"],"@id":"https:\/\/www.alexandremiranda.com.br\/#\/schema\/person\/a717bb096b1f5aff66256d250d24d25e","name":"Dr. Alexandre Miranda - RJ","image":{"@type":"ImageObject","inLanguage":"en-US","@id":"https:\/\/www.alexandremiranda.com.br\/#\/schema\/person\/image\/","url":"https:\/\/www.alexandremiranda.com.br\/wp-content\/uploads\/2015\/07\/cropped-icon-1.png","contentUrl":"https:\/\/www.alexandremiranda.com.br\/wp-content\/uploads\/2015\/07\/cropped-icon-1.png","width":512,"height":512,"caption":"Dr. Alexandre Miranda - RJ"},"logo":{"@id":"https:\/\/www.alexandremiranda.com.br\/#\/schema\/person\/image\/"}}]}},"_links":{"self":[{"href":"https:\/\/www.alexandremiranda.com.br\/en\/wp-json\/wp\/v2\/pages\/61","targetHints":{"allow":["GET"]}}],"collection":[{"href":"https:\/\/www.alexandremiranda.com.br\/en\/wp-json\/wp\/v2\/pages"}],"about":[{"href":"https:\/\/www.alexandremiranda.com.br\/en\/wp-json\/wp\/v2\/types\/page"}],"author":[{"embeddable":true,"href":"https:\/\/www.alexandremiranda.com.br\/en\/wp-json\/wp\/v2\/users\/1"}],"replies":[{"embeddable":true,"href":"https:\/\/www.alexandremiranda.com.br\/en\/wp-json\/wp\/v2\/comments?post=61"}],"version-history":[{"count":0,"href":"https:\/\/www.alexandremiranda.com.br\/en\/wp-json\/wp\/v2\/pages\/61\/revisions"}],"wp:attachment":[{"href":"https:\/\/www.alexandremiranda.com.br\/en\/wp-json\/wp\/v2\/media?parent=61"}],"curies":[{"name":"wp","href":"https:\/\/api.w.org\/{rel}","templated":true}]}}