{"id":715,"date":"2016-05-27T17:01:18","date_gmt":"2016-05-27T20:01:18","guid":{"rendered":"https:\/\/www.alexandremiranda.com.br\/?page_id=715"},"modified":"2021-03-17T15:48:10","modified_gmt":"2021-03-17T18:48:10","slug":"3d-printing","status":"publish","type":"page","link":"https:\/\/www.alexandremiranda.com.br\/en\/impressao-3d\/","title":{"rendered":"3D printing"},"content":{"rendered":"<p>[et_pb_section fb_built=&#8221;1&#8243; fullwidth=&#8221;on&#8221; admin_label=&#8221;section&#8221; _builder_version=&#8221;3.22&#8243;][et_pb_fullwidth_header title=&#8221;Impress\u00e3o 3D&#8221; text_orientation=&#8221;center&#8221; content_max_width=&#8221;none&#8221; title_font_color=&#8221;#ffffff&#8221; content_font_color=&#8221;#ffffff&#8221; admin_label=&#8221;Cabe\u00e7alho de Largura Completa&#8221; _builder_version=&#8221;3.16&#8243; title_text_color=&#8221;#ffffff&#8221; content_text_color=&#8221;#ffffff&#8221; background_color=&#8221;#98927a&#8221; background_layout=&#8221;light&#8221; button_one_text_size__hover_enabled=&#8221;off&#8221; button_two_text_size__hover_enabled=&#8221;off&#8221; button_one_text_color__hover_enabled=&#8221;off&#8221; button_two_text_color__hover_enabled=&#8221;off&#8221; button_one_border_width__hover_enabled=&#8221;off&#8221; button_two_border_width__hover_enabled=&#8221;off&#8221; button_one_border_color__hover_enabled=&#8221;off&#8221; button_two_border_color__hover_enabled=&#8221;off&#8221; button_one_border_radius__hover_enabled=&#8221;off&#8221; button_two_border_radius__hover_enabled=&#8221;off&#8221; button_one_letter_spacing__hover_enabled=&#8221;off&#8221; button_two_letter_spacing__hover_enabled=&#8221;off&#8221; button_one_bg_color__hover_enabled=&#8221;off&#8221; button_two_bg_color__hover_enabled=&#8221;off&#8221;] [\/et_pb_fullwidth_header][\/et_pb_section][et_pb_section fb_built=&#8221;1&#8243; admin_label=&#8221;section&#8221; _builder_version=&#8221;3.22&#8243;][et_pb_row admin_label=&#8221;row&#8221; _builder_version=&#8221;3.25&#8243; background_size=&#8221;initial&#8221; background_position=&#8221;top_left&#8221; background_repeat=&#8221;repeat&#8221; column_structure=&#8221;1_3,2_3&#8243;][et_pb_column type=&#8221;1_3&#8243; _builder_version=&#8221;3.25&#8243; custom_padding=&#8221;|||&#8221; custom_padding__hover=&#8221;|||&#8221;][et_pb_image src=&#8221;https:\/\/www.alexandremiranda.com.br\/wp-content\/uploads\/2016\/05\/Rim-3D2.jpg&#8221; align_tablet=&#8221;center&#8221; align_last_edited=&#8221;on|desktop&#8221; admin_label=&#8221;Imagem&#8221; _builder_version=&#8221;3.23&#8243; animation_style=&#8221;slide&#8221; animation_direction=&#8221;left&#8221; animation_duration=&#8221;500ms&#8221; animation_intensity_slide=&#8221;10%&#8221; animation=&#8221;left&#8221; sticky=&#8221;off&#8221; use_border_color=&#8221;off&#8221; border_color=&#8221;#ffffff&#8221; border_style=&#8221;solid&#8221;] [\/et_pb_image][et_pb_blurb title=&#8221;Reconstru\u00e7\u00e3o do Rim esquerdo com os vasos renais e um tumor no p\u00f3lo superior&#8221; image_max_width=&#8221;none&#8221; admin_label=&#8221;Sinopse&#8221; _builder_version=&#8221;3.0.87&#8243; header_text_color=&#8221;#1e73be&#8221; background_size=&#8221;initial&#8221; background_position=&#8221;top_left&#8221; background_repeat=&#8221;repeat&#8221; use_border_color=&#8221;off&#8221; border_color=&#8221;#ffffff&#8221; border_style=&#8221;solid&#8221;] [\/et_pb_blurb][\/et_pb_column][et_pb_column type=&#8221;2_3&#8243; _builder_version=&#8221;3.25&#8243; custom_padding=&#8221;|||&#8221; custom_padding__hover=&#8221;|||&#8221;][et_pb_text admin_label=&#8221;Texto&#8221; _builder_version=&#8221;3.27.4&#8243; background_size=&#8221;initial&#8221; background_position=&#8221;top_left&#8221; background_repeat=&#8221;repeat&#8221; use_border_color=&#8221;off&#8221; border_color=&#8221;#ffffff&#8221; border_style=&#8221;solid&#8221;]<\/p>\n<p>O Planejamento cir\u00fargico \u00e9 uma etapa crucial para se obter um melhor resultado, evitando complica\u00e7\u00f5es e preservando a funcionalidade dos \u00f3rg\u00e3os e tecidos.<br \/>O aparecimento da impress\u00e3o 3D tem possibilitado a cria\u00e7\u00e3o de modelos tridimensionais realistas, permitindo a equipe cir\u00fargica realizar simula\u00e7\u00f5es e estudos pr\u00e9vios \u00e0 cirurgia. Com isso os m\u00e9dicos conseguem descobrir qual a melhor abordagem cir\u00fargica e que estrat\u00e9gia ser\u00e1 tomada, tudo com previedade. Partindo-se de uma Tomografia Computadorizada ou uma Resson\u00e2ncia Nuclear Magn\u00e9tica \u00e9 poss\u00edvel a cria\u00e7\u00e3o de arquivos tridimensionais. Estes arquivos s\u00e3o inseridos em impressoras 3D que realizam a materializa\u00e7\u00e3o do s\u00f3lido em tamanho real.<br \/>Hoje temos dispon\u00edveis v\u00e1rios materiais para impress\u00e3o, alguns de alta resist\u00eancia, como a fibra de carbono; outros male\u00e1veis, similares ao silicone. H\u00e1 tamb\u00e9m a possibilidade de estereliza\u00e7\u00e3o da impress\u00e3o, permitindo levar o modelo para dentro do campo cir\u00fargico.<br \/>A tecnologia \u00e9 nova e est\u00e1 crescendo de forma exponencial dentro da medicina em todo o mundo. Ela j\u00e1 est\u00e1 sendo usada pela equipe do Dr. Alexandre Miranda, que tem se dedicado \u00e0 sua pesquisa e implementa\u00e7\u00e3o no cen\u00e1rio cir\u00fargico.<\/p>\n<p>[\/et_pb_text][\/et_pb_column][\/et_pb_row][\/et_pb_section]<\/p>\n","protected":false},"excerpt":{"rendered":"<p>O Planejamento cir\u00fargico \u00e9 uma etapa crucial para se obter um melhor resultado, evitando complica\u00e7\u00f5es e preservando a funcionalidade dos \u00f3rg\u00e3os e tecidos.O aparecimento da impress\u00e3o 3D tem possibilitado a cria\u00e7\u00e3o de modelos tridimensionais realistas, permitindo a equipe cir\u00fargica realizar simula\u00e7\u00f5es e estudos pr\u00e9vios \u00e0 cirurgia. Com isso os m\u00e9dicos conseguem descobrir qual a melhor [&hellip;]<\/p>\n","protected":false},"author":1,"featured_media":0,"parent":0,"menu_order":0,"comment_status":"closed","ping_status":"closed","template":"","meta":{"_et_pb_use_builder":"on","_et_pb_old_content":"","_et_gb_content_width":"","_monsterinsights_skip_tracking":false,"_monsterinsights_sitenote_active":false,"_monsterinsights_sitenote_note":"","_monsterinsights_sitenote_category":0,"footnotes":""},"class_list":["post-715","page","type-page","status-publish","hentry"],"yoast_head":"<!-- This site is optimized with the Yoast SEO Premium plugin v26.8 (Yoast SEO v26.8) - https:\/\/yoast.com\/product\/yoast-seo-premium-wordpress\/ -->\n<title>Impress\u00e3o 3D - Dr. Alexandre Miranda \/ Andrologia &amp; Urologia<\/title>\n<meta name=\"robots\" content=\"index, follow, max-snippet:-1, max-image-preview:large, max-video-preview:-1\" \/>\n<link rel=\"canonical\" href=\"https:\/\/www.alexandremiranda.com.br\/en\/3d-printing\/\" \/>\n<meta property=\"og:locale\" content=\"en_US\" \/>\n<meta property=\"og:type\" content=\"article\" \/>\n<meta property=\"og:title\" content=\"Dr. Alexandre Miranda | Urologia, Andrologia e Sa\u00fade Sexual Masculina\" \/>\n<meta property=\"og:description\" content=\"Especialista em disfun\u00e7\u00f5es sexuais masculinas, o Dr. Alexandre Miranda \u00e9 refer\u00eancia em andrologia e oferece atendimento \u00e9tico, discreto e com embasamento cient\u00edfico. Informa\u00e7\u00f5es confi\u00e1veis sobre sa\u00fade sexual, doen\u00e7a de Peyronie, implante peniano, preenchimento peniano e mais.\" \/>\n<meta property=\"og:url\" content=\"https:\/\/www.alexandremiranda.com.br\/en\/3d-printing\/\" \/>\n<meta property=\"og:site_name\" content=\"Dr. Alexandre Miranda \/ Andrologia &amp; Urologia\" \/>\n<meta property=\"article:modified_time\" content=\"2021-03-17T18:48:10+00:00\" \/>\n<meta property=\"og:image\" content=\"https:\/\/www.alexandremiranda.com.br\/wp-content\/uploads\/2018\/11\/Alex_Janela.jpg\" \/>\n\t<meta property=\"og:image:width\" content=\"1181\" \/>\n\t<meta property=\"og:image:height\" content=\"782\" \/>\n\t<meta property=\"og:image:type\" content=\"image\/jpeg\" \/>\n<meta name=\"twitter:card\" content=\"summary_large_image\" \/>\n<meta name=\"twitter:label1\" content=\"Est. reading time\" \/>\n\t<meta name=\"twitter:data1\" content=\"3 minutes\" \/>\n<script type=\"application\/ld+json\" class=\"yoast-schema-graph\">{\"@context\":\"https:\/\/schema.org\",\"@graph\":[{\"@type\":\"WebPage\",\"@id\":\"https:\/\/www.alexandremiranda.com.br\/impressao-3d\/\",\"url\":\"https:\/\/www.alexandremiranda.com.br\/impressao-3d\/\",\"name\":\"Impress\u00e3o 3D - Dr. Alexandre Miranda \/ Andrologia &amp; Urologia\",\"isPartOf\":{\"@id\":\"https:\/\/www.alexandremiranda.com.br\/#website\"},\"datePublished\":\"2016-05-27T20:01:18+00:00\",\"dateModified\":\"2021-03-17T18:48:10+00:00\",\"breadcrumb\":{\"@id\":\"https:\/\/www.alexandremiranda.com.br\/impressao-3d\/#breadcrumb\"},\"inLanguage\":\"en-US\",\"potentialAction\":[{\"@type\":\"ReadAction\",\"target\":[\"https:\/\/www.alexandremiranda.com.br\/impressao-3d\/\"]}]},{\"@type\":\"BreadcrumbList\",\"@id\":\"https:\/\/www.alexandremiranda.com.br\/impressao-3d\/#breadcrumb\",\"itemListElement\":[{\"@type\":\"ListItem\",\"position\":1,\"name\":\"In\u00edcio\",\"item\":\"https:\/\/www.alexandremiranda.com.br\/\"},{\"@type\":\"ListItem\",\"position\":2,\"name\":\"Impress\u00e3o 3D\"}]},{\"@type\":\"WebSite\",\"@id\":\"https:\/\/www.alexandremiranda.com.br\/#website\",\"url\":\"https:\/\/www.alexandremiranda.com.br\/\",\"name\":\"Dr. Alexandre Miranda \/ Andrologia & Urologia\",\"description\":\"Peyronie, pr\u00f3tese peniana, reconstru\u00e7\u00e3o genital, sa\u00fade do homem\",\"publisher\":{\"@id\":\"https:\/\/www.alexandremiranda.com.br\/#\/schema\/person\/a717bb096b1f5aff66256d250d24d25e\"},\"potentialAction\":[{\"@type\":\"SearchAction\",\"target\":{\"@type\":\"EntryPoint\",\"urlTemplate\":\"https:\/\/www.alexandremiranda.com.br\/?s={search_term_string}\"},\"query-input\":{\"@type\":\"PropertyValueSpecification\",\"valueRequired\":true,\"valueName\":\"search_term_string\"}}],\"inLanguage\":\"en-US\"},{\"@type\":[\"Person\",\"Organization\"],\"@id\":\"https:\/\/www.alexandremiranda.com.br\/#\/schema\/person\/a717bb096b1f5aff66256d250d24d25e\",\"name\":\"Dr. Alexandre Miranda - RJ\",\"image\":{\"@type\":\"ImageObject\",\"inLanguage\":\"en-US\",\"@id\":\"https:\/\/www.alexandremiranda.com.br\/#\/schema\/person\/image\/\",\"url\":\"https:\/\/www.alexandremiranda.com.br\/wp-content\/uploads\/2015\/07\/cropped-icon-1.png\",\"contentUrl\":\"https:\/\/www.alexandremiranda.com.br\/wp-content\/uploads\/2015\/07\/cropped-icon-1.png\",\"width\":512,\"height\":512,\"caption\":\"Dr. Alexandre Miranda - RJ\"},\"logo\":{\"@id\":\"https:\/\/www.alexandremiranda.com.br\/#\/schema\/person\/image\/\"}}]}<\/script>\n<!-- \/ Yoast SEO Premium plugin. -->","yoast_head_json":{"title":"3D Printing - Dr. Alexandre Miranda \/ Andrology &amp; Urology","robots":{"index":"index","follow":"follow","max-snippet":"max-snippet:-1","max-image-preview":"max-image-preview:large","max-video-preview":"max-video-preview:-1"},"canonical":"https:\/\/www.alexandremiranda.com.br\/en\/3d-printing\/","og_locale":"en_US","og_type":"article","og_title":"Dr. Alexandre Miranda | Urologia, Andrologia e Sa\u00fade Sexual Masculina","og_description":"Especialista em disfun\u00e7\u00f5es sexuais masculinas, o Dr. Alexandre Miranda \u00e9 refer\u00eancia em andrologia e oferece atendimento \u00e9tico, discreto e com embasamento cient\u00edfico. Informa\u00e7\u00f5es confi\u00e1veis sobre sa\u00fade sexual, doen\u00e7a de Peyronie, implante peniano, preenchimento peniano e mais.","og_url":"https:\/\/www.alexandremiranda.com.br\/en\/3d-printing\/","og_site_name":"Dr. Alexandre Miranda \/ Andrologia &amp; Urologia","article_modified_time":"2021-03-17T18:48:10+00:00","og_image":[{"width":1181,"height":782,"url":"https:\/\/www.alexandremiranda.com.br\/wp-content\/uploads\/2018\/11\/Alex_Janela.jpg","type":"image\/jpeg"}],"twitter_card":"summary_large_image","twitter_misc":{"Est. reading time":"3 minutes"},"schema":{"@context":"https:\/\/schema.org","@graph":[{"@type":"WebPage","@id":"https:\/\/www.alexandremiranda.com.br\/impressao-3d\/","url":"https:\/\/www.alexandremiranda.com.br\/impressao-3d\/","name":"3D Printing - Dr. Alexandre Miranda \/ Andrology &amp; Urology","isPartOf":{"@id":"https:\/\/www.alexandremiranda.com.br\/#website"},"datePublished":"2016-05-27T20:01:18+00:00","dateModified":"2021-03-17T18:48:10+00:00","breadcrumb":{"@id":"https:\/\/www.alexandremiranda.com.br\/impressao-3d\/#breadcrumb"},"inLanguage":"en-US","potentialAction":[{"@type":"ReadAction","target":["https:\/\/www.alexandremiranda.com.br\/impressao-3d\/"]}]},{"@type":"BreadcrumbList","@id":"https:\/\/www.alexandremiranda.com.br\/impressao-3d\/#breadcrumb","itemListElement":[{"@type":"ListItem","position":1,"name":"In\u00edcio","item":"https:\/\/www.alexandremiranda.com.br\/"},{"@type":"ListItem","position":2,"name":"Impress\u00e3o 3D"}]},{"@type":"WebSite","@id":"https:\/\/www.alexandremiranda.com.br\/#website","url":"https:\/\/www.alexandremiranda.com.br\/","name":"Dr. Alexandre Miranda \/ Andrology &amp; Urology","description":"Peyronie's, penile prosthesis, genital reconstruction, men's health","publisher":{"@id":"https:\/\/www.alexandremiranda.com.br\/#\/schema\/person\/a717bb096b1f5aff66256d250d24d25e"},"potentialAction":[{"@type":"SearchAction","target":{"@type":"EntryPoint","urlTemplate":"https:\/\/www.alexandremiranda.com.br\/?s={search_term_string}"},"query-input":{"@type":"PropertyValueSpecification","valueRequired":true,"valueName":"search_term_string"}}],"inLanguage":"en-US"},{"@type":["Person","Organization"],"@id":"https:\/\/www.alexandremiranda.com.br\/#\/schema\/person\/a717bb096b1f5aff66256d250d24d25e","name":"Dr. Alexandre Miranda - RJ","image":{"@type":"ImageObject","inLanguage":"en-US","@id":"https:\/\/www.alexandremiranda.com.br\/#\/schema\/person\/image\/","url":"https:\/\/www.alexandremiranda.com.br\/wp-content\/uploads\/2015\/07\/cropped-icon-1.png","contentUrl":"https:\/\/www.alexandremiranda.com.br\/wp-content\/uploads\/2015\/07\/cropped-icon-1.png","width":512,"height":512,"caption":"Dr. Alexandre Miranda - RJ"},"logo":{"@id":"https:\/\/www.alexandremiranda.com.br\/#\/schema\/person\/image\/"}}]}},"_links":{"self":[{"href":"https:\/\/www.alexandremiranda.com.br\/en\/wp-json\/wp\/v2\/pages\/715","targetHints":{"allow":["GET"]}}],"collection":[{"href":"https:\/\/www.alexandremiranda.com.br\/en\/wp-json\/wp\/v2\/pages"}],"about":[{"href":"https:\/\/www.alexandremiranda.com.br\/en\/wp-json\/wp\/v2\/types\/page"}],"author":[{"embeddable":true,"href":"https:\/\/www.alexandremiranda.com.br\/en\/wp-json\/wp\/v2\/users\/1"}],"replies":[{"embeddable":true,"href":"https:\/\/www.alexandremiranda.com.br\/en\/wp-json\/wp\/v2\/comments?post=715"}],"version-history":[{"count":0,"href":"https:\/\/www.alexandremiranda.com.br\/en\/wp-json\/wp\/v2\/pages\/715\/revisions"}],"wp:attachment":[{"href":"https:\/\/www.alexandremiranda.com.br\/en\/wp-json\/wp\/v2\/media?parent=715"}],"curies":[{"name":"wp","href":"https:\/\/api.w.org\/{rel}","templated":true}]}}