{"id":91,"date":"2015-07-31T03:07:37","date_gmt":"2015-07-31T03:07:37","guid":{"rendered":"https:\/\/www.alexandremiranda.com.br\/?page_id=91"},"modified":"2018-02-13T14:53:26","modified_gmt":"2018-02-13T16:53:26","slug":"prostate-cancer-sequelae","status":"publish","type":"page","link":"https:\/\/www.alexandremiranda.com.br\/en\/sequelas-cancer-de-prostata\/","title":{"rendered":"Sequelae of Prostate Cancer"},"content":{"rendered":"<p>[et_pb_section fb_built=&#8221;1&#8243; fullwidth=&#8221;on&#8221; admin_label=&#8221;section&#8221; _builder_version=&#8221;3.0.47&#8243;][et_pb_fullwidth_header title=&#8221;Sequelas do C\u00e2nce de Pr\u00f3stata&#8221; text_orientation=&#8221;center&#8221; title_font_color=&#8221;#ffffff&#8221; content_font_color=&#8221;#ffffff&#8221; admin_label=&#8221;Cabe\u00e7alho de Largura Completa&#8221; _builder_version=&#8221;3.0.47&#8243; title_text_color=&#8221;#ffffff&#8221; content_text_color=&#8221;#ffffff&#8221; background_color=&#8221;#98927a&#8221;]Ap\u00f3s o tratamento curativo para o c\u00e2ncer de pr\u00f3stata podemos ter complica\u00e7\u00f5es precoces e\/ou tardias. Muitas vezes o tratamento necessita de procedimentos avan\u00e7ados em reconstru\u00e7\u00e3o urol\u00f3gica<br \/>\n[\/et_pb_fullwidth_header][\/et_pb_section][et_pb_section fb_built=&#8221;1&#8243; admin_label=&#8221;section&#8221; _builder_version=&#8221;3.0.47&#8243;][et_pb_row admin_label=&#8221;row&#8221; _builder_version=&#8221;3.0.47&#8243; background_size=&#8221;initial&#8221; background_position=&#8221;top_left&#8221; background_repeat=&#8221;repeat&#8221;][et_pb_column type=&#8221;1_3&#8243; _builder_version=&#8221;3.0.47&#8243; parallax=&#8221;off&#8221; parallax_method=&#8221;on&#8221;][et_pb_gallery gallery_ids=&#8221;92,93,94&#8243; fullwidth=&#8221;on&#8221; admin_label=&#8221;Galeria&#8221; _builder_version=&#8221;3.0.101&#8243; auto=&#8221;on&#8221; use_border_color=&#8221;off&#8221; border_color=&#8221;#ffffff&#8221; border_style=&#8221;solid&#8221; gallery_captions=&#8221;,,&#8221;] [\/et_pb_gallery][\/et_pb_column][et_pb_column type=&#8221;2_3&#8243; _builder_version=&#8221;3.0.47&#8243; parallax=&#8221;off&#8221; parallax_method=&#8221;on&#8221;][et_pb_text admin_label=&#8221;Texto&#8221; _builder_version=&#8221;3.0.47&#8243; background_size=&#8221;initial&#8221; background_position=&#8221;top_left&#8221; background_repeat=&#8221;repeat&#8221; use_border_color=&#8221;off&#8221; border_color=&#8221;#ffffff&#8221; border_style=&#8221;solid&#8221;]Um estudo acompanhou por 5 anos 32.465 pacientes tratados para o c\u00e2ncer de pr\u00f3stata. (15.870 foram operados e 16.595 submetivos \u00e0 radioterapia).\u00a0 Durante o per\u00edodo de acompanhamento 32% foram submetidos \u00e0 algum procedimento urol\u00f3gico e 22,2% internaram de urg\u00eancia. O motivo mais comuns para a interna\u00e7\u00e3o foi a obstru\u00e7\u00e3o urin\u00e1ria, correspondendo \u00e0 36,7% dos pacientes internados[1].<br \/>\nNo mesmo estudo foi visto que a contratura do colo vesical (fechamento do canal de sa\u00edda da bexiga) era de 7,5%. Este fechamento ocorre no local em que \u00e9 feita a uni\u00e3o do orif\u00edcio de sa\u00edda da bexiga com a uretra (canal que leva a urina at\u00e9 a ponta do p\u00eanis), ap\u00f3s a retirada da pr\u00f3stata, que fica entre um e outro (veja as Figuras)<br \/>\nEm outro estudo com acompanhamento mais longo (7 anos) 26,9% dos pacientes operados apresentaram alguma complica\u00e7\u00e3o relacionada \u00e0 cirurgia (sequela do c\u00e2ncer de pr\u00f3stata)[2].<br \/>\nUma an\u00e1lise com 3.317 pacientes operados com o rob\u00f4 Da Vinci, para tratar c\u00e2ncer de pr\u00f3stata, 9,8% dos pacientes tiveram alguma complica\u00e7\u00e3o ap\u00f3s 2 anos[3]. Em outras an\u00e1lises com o rob\u00f4, a complica\u00e7\u00e3o variou de 3-36%[4]<br \/>\nUma complica\u00e7\u00e3o comum dos tratamentos para o c\u00e2ncer de pr\u00f3stata \u00e9 a disfun\u00e7\u00e3o sexual er\u00e9til (inabilidade para ter uma ere\u00e7\u00e3o suficiente para uma rela\u00e7\u00e3o sexual). Setenta e cinco por cento (75%) dos pacientes operados e 65% dos pacientes irradiados v\u00e3o apresentar esta complica\u00e7\u00e3o em at\u00e9 5 anos.<br \/>\nA incontin\u00eancia urin\u00e1ria (perda de urina de forma involunt\u00e1ria) acomete 15% dos pacientes submetidos \u00e0 cirurgia e 4% dos pacientes que fizeram radioterapia[5].<br \/>\n[\/et_pb_text][\/et_pb_column][\/et_pb_row][et_pb_row admin_label=&#8221;row&#8221; _builder_version=&#8221;3.0.47&#8243; background_size=&#8221;initial&#8221; background_position=&#8221;top_left&#8221; background_repeat=&#8221;repeat&#8221;][et_pb_column type=&#8221;4_4&#8243; _builder_version=&#8221;3.0.47&#8243; parallax=&#8221;off&#8221; parallax_method=&#8221;on&#8221;][et_pb_cta title=&#8221;Tratamento das complica\u00e7\u00f5es&#8221; admin_label=&#8221;Chamada \u00e0 A\u00e7\u00e3o&#8221; _builder_version=&#8221;3.0.47&#8243; background_size=&#8221;initial&#8221; background_position=&#8221;top_left&#8221; background_repeat=&#8221;repeat&#8221; text_orientation=&#8221;left&#8221; use_border_color=&#8221;off&#8221; border_color=&#8221;#ffffff&#8221; border_style=&#8221;solid&#8221;]O Dr. Alexandre Miranda tem se dedicado ao tratamento das sequelas das terapias curativas do c\u00e2ncer de pr\u00f3stata, realizando cirurgias avan\u00e7adas e incorporando novas tecnologias. Cada paciente \u00e9 estudado de forma individualizada e seu tratamento personalizado<br \/>\n[\/et_pb_cta][\/et_pb_column][\/et_pb_row][et_pb_row admin_label=&#8221;row&#8221; _builder_version=&#8221;3.0.47&#8243; background_size=&#8221;initial&#8221; background_position=&#8221;top_left&#8221; background_repeat=&#8221;repeat&#8221;][et_pb_column type=&#8221;1_3&#8243; _builder_version=&#8221;3.0.47&#8243; parallax=&#8221;off&#8221; parallax_method=&#8221;on&#8221;][\/et_pb_column][et_pb_column type=&#8221;2_3&#8243; _builder_version=&#8221;3.0.47&#8243; parallax=&#8221;off&#8221; parallax_method=&#8221;on&#8221;][et_pb_text admin_label=&#8221;Texto&#8221; _builder_version=&#8221;3.0.47&#8243; background_size=&#8221;initial&#8221; background_position=&#8221;top_left&#8221; background_repeat=&#8221;repeat&#8221; use_border_color=&#8221;off&#8221; border_color=&#8221;#ffffff&#8221; border_style=&#8221;solid&#8221;]1- Estenose de colo vesical (fechamento do canal de sa\u00edda da bexiga)<br \/>\nGeralmente \u00e9 tratado com dilata\u00e7\u00e3o ou corte (endosc\u00f3pico) do canal estreitado. Nos casos em que estas op\u00e7\u00f5es n\u00e3o foram bem sucedidas \u00e9 necess\u00e1rio uma cirurgia reconstrutora, para refazer a anastomose (uni\u00e3o entre a sa\u00edda da bexiga e o canal que leva a urina para fora). A cirurgia \u00e9 chamada uretroplastia. Alternativamente podemos utilizar o LASER para tentar uma nova abertura, por\u00e9m o tratamento deve ser individualizado e discutido com seu cirurgi\u00e3o. Se voc\u00ea sofre com este problema agende agora uma consulta com o Dr. Alexandre Miranda.<br \/>\n2- Incontin\u00eancia urin\u00e1ria<br \/>\nO tratamento pode ser realizado com uma \u201cfita\u201despecial ou um esf\u00edncter artificial, para evitar perda de urina . Cada caso deve ser analisado de forma individual e discutido com o paciente. Se voc\u00ea sofre com este problema agende agora uma consulta com o Dr. Alexandre Miranda.<br \/>\n3- Disfun\u00e7\u00e3o sexual er\u00e9til<br \/>\nExistem formas n\u00e3o cir\u00fargicas para resolver este problema ou, em \u00faltimo caso, a inser\u00e7\u00e3o de pr\u00f3teses penianas.<br \/>\nSaiba agora como est\u00e1 a sua ere\u00e7\u00e3o. <a href=\"https:\/\/www.alexandremiranda.com.br\/iief-5\/\">Clique AQUI<\/a><br \/>\nSe voc\u00ea sofre com algum destes\u00a0problemas agende agora uma consulta com o Dr. Alexandre Miranda.<\/p>\n<p>&nbsp;<\/p>\n<p>1.\u00a0\u00a0\u00a0\u00a0\u00a0\u00a0\u00a0\u00a0 Nam, R. K., Cheung, P., Herschorn, S. et al.: Incidence of complications other than urinary incontinence or erectile dysfunction after radical prostatectomy or radiotherapy for prostate cancer: a population-based cohort study. Lancet Oncol, 15: 223, 2014<br \/>\n2.\u00a0\u00a0\u00a0\u00a0\u00a0\u00a0\u00a0\u00a0 Constantinides, C. A., Tyritzis, S. I., Skolarikos, A. et al.: Short- and long-term complications of open radical prostatectomy according to the Clavien classification system. BJU Int, 103: 336, 2009<br \/>\n3.\u00a0\u00a0\u00a0\u00a0\u00a0\u00a0\u00a0\u00a0 Agarwal, P. K., Sammon, J., Bhandari, A. et al.: Safety profile of robot-assisted radical prostatectomy: a standardized report of complications in 3317 patients. Eur Urol, 59: 684, 2011<br \/>\n4.\u00a0\u00a0\u00a0\u00a0\u00a0\u00a0\u00a0\u00a0 Novara, G., Ficarra, V., Rosen, R. C. et al.: Systematic review and meta-analysis of perioperative outcomes and complications after robot-assisted radical prostatectomy. Eur Urol, 62:431, 2012<br \/>\n5.\u00a0\u00a0\u00a0\u00a0\u00a0\u00a0\u00a0\u00a0 Potosky, A. L., Davis, W. W., Hoffman, R. M. et al.: Five-year outcomes after prostatectomy or radiotherapy for prostate cancer: the prostate cancer outcomes study. J Natl Cancer Inst, 96: 1358, 2004<\/p>\n<p>Tel: + 55 (21) 3183-7395<br \/>\n[\/et_pb_text][\/et_pb_column][\/et_pb_row][\/et_pb_section]<\/p>\n","protected":false},"excerpt":{"rendered":"<p>Ap\u00f3s o tratamento curativo para o c\u00e2ncer de pr\u00f3stata podemos ter complica\u00e7\u00f5es precoces e\/ou tardias. Muitas vezes o tratamento necessita de procedimentos avan\u00e7ados em reconstru\u00e7\u00e3o urol\u00f3gica Um estudo acompanhou por 5 anos 32.465 pacientes tratados para o c\u00e2ncer de pr\u00f3stata. (15.870 foram operados e 16.595 submetivos \u00e0 radioterapia).\u00a0 Durante o per\u00edodo de acompanhamento 32% foram [&hellip;]<\/p>\n","protected":false},"author":1,"featured_media":0,"parent":0,"menu_order":0,"comment_status":"open","ping_status":"open","template":"","meta":{"_et_pb_use_builder":"on","_et_pb_old_content":"","_et_gb_content_width":"","_monsterinsights_skip_tracking":false,"_monsterinsights_sitenote_active":false,"_monsterinsights_sitenote_note":"","_monsterinsights_sitenote_category":0,"footnotes":""},"class_list":["post-91","page","type-page","status-publish","hentry"],"yoast_head":"<!-- This site is optimized with the Yoast SEO Premium plugin v26.8 (Yoast SEO v26.8) - https:\/\/yoast.com\/product\/yoast-seo-premium-wordpress\/ -->\n<title>Sequelas do c\u00e2ncer de pr\u00f3stata - Dr. Alexandre Miranda \/ Andrologia &amp; Urologia<\/title>\n<meta name=\"description\" content=\"Aproximadamente 30% dos homens que\u00a0trataram o c\u00e2ncer de pr\u00f3stata v\u00e3o apresentar algum tipo de sequela ao longo da vida. Saiba mais aqui.\" \/>\n<meta name=\"robots\" content=\"index, follow, max-snippet:-1, max-image-preview:large, max-video-preview:-1\" \/>\n<link rel=\"canonical\" href=\"https:\/\/www.alexandremiranda.com.br\/en\/prostate-cancer-sequelae\/\" \/>\n<meta property=\"og:locale\" content=\"en_US\" \/>\n<meta property=\"og:type\" content=\"article\" \/>\n<meta property=\"og:title\" content=\"Dr. Alexandre Miranda | Urologia, Andrologia e Sa\u00fade Sexual Masculina\" \/>\n<meta property=\"og:description\" content=\"Especialista em disfun\u00e7\u00f5es sexuais masculinas, o Dr. Alexandre Miranda \u00e9 refer\u00eancia em andrologia e oferece atendimento \u00e9tico, discreto e com embasamento cient\u00edfico. Informa\u00e7\u00f5es confi\u00e1veis sobre sa\u00fade sexual, doen\u00e7a de Peyronie, implante peniano, preenchimento peniano e mais.\" \/>\n<meta property=\"og:url\" content=\"https:\/\/www.alexandremiranda.com.br\/en\/prostate-cancer-sequelae\/\" \/>\n<meta property=\"og:site_name\" content=\"Dr. Alexandre Miranda \/ Andrologia &amp; Urologia\" \/>\n<meta property=\"article:modified_time\" content=\"2018-02-13T16:53:26+00:00\" \/>\n<meta property=\"og:image\" content=\"https:\/\/www.alexandremiranda.com.br\/wp-content\/uploads\/2018\/11\/Alex_Janela.jpg\" \/>\n\t<meta property=\"og:image:width\" content=\"1181\" \/>\n\t<meta property=\"og:image:height\" content=\"782\" \/>\n\t<meta property=\"og:image:type\" content=\"image\/jpeg\" \/>\n<meta name=\"twitter:card\" content=\"summary_large_image\" \/>\n<meta name=\"twitter:label1\" content=\"Est. reading time\" \/>\n\t<meta name=\"twitter:data1\" content=\"5 minutes\" \/>\n<script type=\"application\/ld+json\" class=\"yoast-schema-graph\">{\"@context\":\"https:\/\/schema.org\",\"@graph\":[{\"@type\":\"WebPage\",\"@id\":\"https:\/\/www.alexandremiranda.com.br\/sequelas-cancer-de-prostata\/\",\"url\":\"https:\/\/www.alexandremiranda.com.br\/sequelas-cancer-de-prostata\/\",\"name\":\"Sequelas do c\u00e2ncer de pr\u00f3stata - Dr. Alexandre Miranda \/ Andrologia &amp; Urologia\",\"isPartOf\":{\"@id\":\"https:\/\/www.alexandremiranda.com.br\/#website\"},\"datePublished\":\"2015-07-31T03:07:37+00:00\",\"dateModified\":\"2018-02-13T16:53:26+00:00\",\"description\":\"Aproximadamente 30% dos homens que\u00a0trataram o c\u00e2ncer de pr\u00f3stata v\u00e3o apresentar algum tipo de sequela ao longo da vida. Saiba mais aqui.\",\"breadcrumb\":{\"@id\":\"https:\/\/www.alexandremiranda.com.br\/sequelas-cancer-de-prostata\/#breadcrumb\"},\"inLanguage\":\"en-US\",\"potentialAction\":[{\"@type\":\"ReadAction\",\"target\":[\"https:\/\/www.alexandremiranda.com.br\/sequelas-cancer-de-prostata\/\"]}]},{\"@type\":\"BreadcrumbList\",\"@id\":\"https:\/\/www.alexandremiranda.com.br\/sequelas-cancer-de-prostata\/#breadcrumb\",\"itemListElement\":[{\"@type\":\"ListItem\",\"position\":1,\"name\":\"In\u00edcio\",\"item\":\"https:\/\/www.alexandremiranda.com.br\/\"},{\"@type\":\"ListItem\",\"position\":2,\"name\":\"Sequelas do c\u00e2ncer de pr\u00f3stata\"}]},{\"@type\":\"WebSite\",\"@id\":\"https:\/\/www.alexandremiranda.com.br\/#website\",\"url\":\"https:\/\/www.alexandremiranda.com.br\/\",\"name\":\"Dr. Alexandre Miranda \/ Andrologia & Urologia\",\"description\":\"Peyronie, pr\u00f3tese peniana, reconstru\u00e7\u00e3o genital, sa\u00fade do homem\",\"publisher\":{\"@id\":\"https:\/\/www.alexandremiranda.com.br\/#\/schema\/person\/a717bb096b1f5aff66256d250d24d25e\"},\"potentialAction\":[{\"@type\":\"SearchAction\",\"target\":{\"@type\":\"EntryPoint\",\"urlTemplate\":\"https:\/\/www.alexandremiranda.com.br\/?s={search_term_string}\"},\"query-input\":{\"@type\":\"PropertyValueSpecification\",\"valueRequired\":true,\"valueName\":\"search_term_string\"}}],\"inLanguage\":\"en-US\"},{\"@type\":[\"Person\",\"Organization\"],\"@id\":\"https:\/\/www.alexandremiranda.com.br\/#\/schema\/person\/a717bb096b1f5aff66256d250d24d25e\",\"name\":\"Dr. Alexandre Miranda - RJ\",\"image\":{\"@type\":\"ImageObject\",\"inLanguage\":\"en-US\",\"@id\":\"https:\/\/www.alexandremiranda.com.br\/#\/schema\/person\/image\/\",\"url\":\"https:\/\/www.alexandremiranda.com.br\/wp-content\/uploads\/2015\/07\/cropped-icon-1.png\",\"contentUrl\":\"https:\/\/www.alexandremiranda.com.br\/wp-content\/uploads\/2015\/07\/cropped-icon-1.png\",\"width\":512,\"height\":512,\"caption\":\"Dr. Alexandre Miranda - RJ\"},\"logo\":{\"@id\":\"https:\/\/www.alexandremiranda.com.br\/#\/schema\/person\/image\/\"}}]}<\/script>\n<!-- \/ Yoast SEO Premium plugin. -->","yoast_head_json":{"title":"Sequelae of prostate cancer - Dr. Alexandre Miranda \/ Andrology &amp; Urology","description":"Approximately 30% of men treated for prostate cancer will have some kind of sequelae throughout their lives. Find out more here.","robots":{"index":"index","follow":"follow","max-snippet":"max-snippet:-1","max-image-preview":"max-image-preview:large","max-video-preview":"max-video-preview:-1"},"canonical":"https:\/\/www.alexandremiranda.com.br\/en\/prostate-cancer-sequelae\/","og_locale":"en_US","og_type":"article","og_title":"Dr. Alexandre Miranda | Urologia, Andrologia e Sa\u00fade Sexual Masculina","og_description":"Especialista em disfun\u00e7\u00f5es sexuais masculinas, o Dr. Alexandre Miranda \u00e9 refer\u00eancia em andrologia e oferece atendimento \u00e9tico, discreto e com embasamento cient\u00edfico. Informa\u00e7\u00f5es confi\u00e1veis sobre sa\u00fade sexual, doen\u00e7a de Peyronie, implante peniano, preenchimento peniano e mais.","og_url":"https:\/\/www.alexandremiranda.com.br\/en\/prostate-cancer-sequelae\/","og_site_name":"Dr. Alexandre Miranda \/ Andrologia &amp; Urologia","article_modified_time":"2018-02-13T16:53:26+00:00","og_image":[{"width":1181,"height":782,"url":"https:\/\/www.alexandremiranda.com.br\/wp-content\/uploads\/2018\/11\/Alex_Janela.jpg","type":"image\/jpeg"}],"twitter_card":"summary_large_image","twitter_misc":{"Est. reading time":"5 minutes"},"schema":{"@context":"https:\/\/schema.org","@graph":[{"@type":"WebPage","@id":"https:\/\/www.alexandremiranda.com.br\/sequelas-cancer-de-prostata\/","url":"https:\/\/www.alexandremiranda.com.br\/sequelas-cancer-de-prostata\/","name":"Sequelae of prostate cancer - Dr. Alexandre Miranda \/ Andrology &amp; Urology","isPartOf":{"@id":"https:\/\/www.alexandremiranda.com.br\/#website"},"datePublished":"2015-07-31T03:07:37+00:00","dateModified":"2018-02-13T16:53:26+00:00","description":"Approximately 30% of men treated for prostate cancer will have some kind of sequelae throughout their lives. Find out more here.","breadcrumb":{"@id":"https:\/\/www.alexandremiranda.com.br\/sequelas-cancer-de-prostata\/#breadcrumb"},"inLanguage":"en-US","potentialAction":[{"@type":"ReadAction","target":["https:\/\/www.alexandremiranda.com.br\/sequelas-cancer-de-prostata\/"]}]},{"@type":"BreadcrumbList","@id":"https:\/\/www.alexandremiranda.com.br\/sequelas-cancer-de-prostata\/#breadcrumb","itemListElement":[{"@type":"ListItem","position":1,"name":"In\u00edcio","item":"https:\/\/www.alexandremiranda.com.br\/"},{"@type":"ListItem","position":2,"name":"Sequelas do c\u00e2ncer de pr\u00f3stata"}]},{"@type":"WebSite","@id":"https:\/\/www.alexandremiranda.com.br\/#website","url":"https:\/\/www.alexandremiranda.com.br\/","name":"Dr. Alexandre Miranda \/ Andrology &amp; Urology","description":"Peyronie's, penile prosthesis, genital reconstruction, men's health","publisher":{"@id":"https:\/\/www.alexandremiranda.com.br\/#\/schema\/person\/a717bb096b1f5aff66256d250d24d25e"},"potentialAction":[{"@type":"SearchAction","target":{"@type":"EntryPoint","urlTemplate":"https:\/\/www.alexandremiranda.com.br\/?s={search_term_string}"},"query-input":{"@type":"PropertyValueSpecification","valueRequired":true,"valueName":"search_term_string"}}],"inLanguage":"en-US"},{"@type":["Person","Organization"],"@id":"https:\/\/www.alexandremiranda.com.br\/#\/schema\/person\/a717bb096b1f5aff66256d250d24d25e","name":"Dr. Alexandre Miranda - RJ","image":{"@type":"ImageObject","inLanguage":"en-US","@id":"https:\/\/www.alexandremiranda.com.br\/#\/schema\/person\/image\/","url":"https:\/\/www.alexandremiranda.com.br\/wp-content\/uploads\/2015\/07\/cropped-icon-1.png","contentUrl":"https:\/\/www.alexandremiranda.com.br\/wp-content\/uploads\/2015\/07\/cropped-icon-1.png","width":512,"height":512,"caption":"Dr. Alexandre Miranda - RJ"},"logo":{"@id":"https:\/\/www.alexandremiranda.com.br\/#\/schema\/person\/image\/"}}]}},"_links":{"self":[{"href":"https:\/\/www.alexandremiranda.com.br\/en\/wp-json\/wp\/v2\/pages\/91","targetHints":{"allow":["GET"]}}],"collection":[{"href":"https:\/\/www.alexandremiranda.com.br\/en\/wp-json\/wp\/v2\/pages"}],"about":[{"href":"https:\/\/www.alexandremiranda.com.br\/en\/wp-json\/wp\/v2\/types\/page"}],"author":[{"embeddable":true,"href":"https:\/\/www.alexandremiranda.com.br\/en\/wp-json\/wp\/v2\/users\/1"}],"replies":[{"embeddable":true,"href":"https:\/\/www.alexandremiranda.com.br\/en\/wp-json\/wp\/v2\/comments?post=91"}],"version-history":[{"count":0,"href":"https:\/\/www.alexandremiranda.com.br\/en\/wp-json\/wp\/v2\/pages\/91\/revisions"}],"wp:attachment":[{"href":"https:\/\/www.alexandremiranda.com.br\/en\/wp-json\/wp\/v2\/media?parent=91"}],"curies":[{"name":"wp","href":"https:\/\/api.w.org\/{rel}","templated":true}]}}